{"id":1380266,"date":"2015-04-20T21:22:13","date_gmt":"2015-04-20T21:22:13","guid":{"rendered":"https:\/\/rondvaartutrecht.nl\/bootsverleih-utrecht\/"},"modified":"2015-04-20T21:22:13","modified_gmt":"2015-04-20T21:22:13","slug":"bootsverleih-utrecht","status":"publish","type":"page","link":"https:\/\/rondvaartutrecht.nl\/de\/bootsverleih-utrecht\/","title":{"rendered":"Bootsverleih Utrecht"},"content":{"rendered":"<p><strong>Sie m\u00f6chten ein Boot in Utrecht mieten?<\/strong>  Wir haben eine geeignete Schaluppe f\u00fcr jede Gruppengr\u00f6\u00dfe bis zu 42 Personen (mit einer Gesamtkapazit\u00e4t von 126 Passagieren) auf den Grachten der Domstadt Utrecht zu vermieten. Sie k\u00f6nnen unser Boot inklusive Skipper f\u00fcr mindestens 1,5 Stunden mieten, siehe Seite Preise. W\u00e4hrend der Bootsfahrt k\u00f6nnen Sie Ihr eigenes Bier an Bord trinken.<br \/>\n<strong>Das Boot kann \u00fcberdacht<\/strong> und mit bequemen Sitzpolstern, Beleuchtung, Biertr\u00e4nke usw. ausgestattet <strong>werden<\/strong>. Mit unserem Boot k\u00f6nnen Sie von M\u00e4rz bis Mitte November eine Kanal- oder Bootstour durch die Domstadt unternehmen. Genie\u00dfen Sie es, ein Boot w\u00e4hrend Ihres Junggesellenabschieds, Betriebsausflugs, Freundesausflugs, Familienausflugs oder Ihrer Hochzeit zu mieten.  <\/p>\n<p><strong>Wir machen den Bootsverleih zu einem einzigartigen Ereignis in der Domstadt.<\/strong><\/p>\n<p><a class=\"button\" href=\"https:\/\/vareninutrecht.nl\/aanvraag\/\" target=\"_blank\" rel=\"noopener\">Unverbindliche Anfrage<\/a><\/p>\n<hr>\n\n\t\t<style type=\"text\/css\">\n\t\t\t#gallery-1 {\n\t\t\t\tmargin: auto;\n\t\t\t}\n\t\t\t#gallery-1 .gallery-item {\n\t\t\t\tfloat: left;\n\t\t\t\tmargin-top: 10px;\n\t\t\t\ttext-align: center;\n\t\t\t\twidth: 33%;\n\t\t\t}\n\t\t\t#gallery-1 img {\n\t\t\t\tborder: 2px solid #cfcfcf;\n\t\t\t}\n\t\t\t#gallery-1 .gallery-caption {\n\t\t\t\tmargin-left: 0;\n\t\t\t}\n\t\t\t\/* see gallery_shortcode() in wp-includes\/media.php *\/\n\t\t<\/style>\n\t\t<div id='gallery-1' class='gallery galleryid-1380266 gallery-columns-3 gallery-size-thumbnail'><dl class='gallery-item'>\n\t\t\t<dt class='gallery-icon landscape'>\n\t\t\t\t<a href=\"https:\/\/rondvaartutrecht.nl\/wp-content\/uploads\/2015\/05\/2011-07-01-12.25.29.jpg\"><img decoding=\"async\" width=\"150\" height=\"150\" src=\"https:\/\/rondvaartutrecht.nl\/wp-content\/uploads\/2015\/05\/2011-07-01-12.25.29-150x150.jpg\" class=\"attachment-thumbnail size-thumbnail\" alt=\"\"><\/a>\n\t\t\t<\/dt><\/dl><dl class='gallery-item'>\n\t\t\t<dt class='gallery-icon landscape'>\n\t\t\t\t<a href=\"https:\/\/rondvaartutrecht.nl\/wp-content\/uploads\/2015\/08\/20130525_132637-scaled-1.jpg\"><img decoding=\"async\" width=\"150\" height=\"150\" src=\"https:\/\/rondvaartutrecht.nl\/wp-content\/uploads\/2015\/08\/20130525_132637-scaled-1-150x150.jpg\" class=\"attachment-thumbnail size-thumbnail\" alt=\"\"><\/a>\n\t\t\t<\/dt><\/dl><dl class='gallery-item'>\n\t\t\t<dt class='gallery-icon landscape'>\n\t\t\t\t<a href=\"https:\/\/rondvaartutrecht.nl\/wp-content\/uploads\/2015\/05\/P7040021.jpg\"><img decoding=\"async\" width=\"150\" height=\"150\" src=\"https:\/\/rondvaartutrecht.nl\/wp-content\/uploads\/2015\/05\/P7040021-150x150.jpg\" class=\"attachment-thumbnail size-thumbnail\" alt=\"\"><\/a>\n\t\t\t<\/dt><\/dl><br style=\"clear: both\" \/>\n\t\t<\/div>\n\n","protected":false},"excerpt":{"rendered":"<p>Sie m\u00f6chten ein Boot in Utrecht mieten? Wir haben eine geeignete Schaluppe f\u00fcr jede Gruppengr\u00f6\u00dfe bis zu 42 Personen (mit einer Gesamtkapazit\u00e4t von 126 Passagieren) auf den Grachten der Domstadt Utrecht zu vermieten. Sie k\u00f6nnen unser Boot inklusive Skipper f\u00fcr mindestens 1,5 Stunden mieten, siehe Seite Preise. W\u00e4hrend der Bootsfahrt k\u00f6nnen Sie Ihr eigenes Bier [&hellip;]<\/p>\n","protected":false},"author":1,"featured_media":0,"parent":0,"menu_order":5,"comment_status":"open","ping_status":"closed","template":"","meta":{"_et_pb_use_builder":"on","_et_pb_old_content":"","_et_gb_content_width":"","footnotes":""},"class_list":["post-1380266","page","type-page","status-publish","hentry"],"_links":{"self":[{"href":"https:\/\/rondvaartutrecht.nl\/de\/wp-json\/wp\/v2\/pages\/1380266","targetHints":{"allow":["GET"]}}],"collection":[{"href":"https:\/\/rondvaartutrecht.nl\/de\/wp-json\/wp\/v2\/pages"}],"about":[{"href":"https:\/\/rondvaartutrecht.nl\/de\/wp-json\/wp\/v2\/types\/page"}],"author":[{"embeddable":true,"href":"https:\/\/rondvaartutrecht.nl\/de\/wp-json\/wp\/v2\/users\/1"}],"replies":[{"embeddable":true,"href":"https:\/\/rondvaartutrecht.nl\/de\/wp-json\/wp\/v2\/comments?post=1380266"}],"version-history":[{"count":0,"href":"https:\/\/rondvaartutrecht.nl\/de\/wp-json\/wp\/v2\/pages\/1380266\/revisions"}],"wp:attachment":[{"href":"https:\/\/rondvaartutrecht.nl\/de\/wp-json\/wp\/v2\/media?parent=1380266"}],"curies":[{"name":"wp","href":"https:\/\/api.w.org\/{rel}","templated":true}]}}