{"id":1380221,"date":"2015-04-20T21:26:11","date_gmt":"2015-04-20T21:26:11","guid":{"rendered":"https:\/\/rondvaartutrecht.nl\/boot-fahren-bier-trinken\/"},"modified":"2025-04-03T15:47:06","modified_gmt":"2025-04-03T15:47:06","slug":"boot-fahren-bier-trinken","status":"publish","type":"page","link":"https:\/\/rondvaartutrecht.nl\/de\/boot-fahren-bier-trinken\/","title":{"rendered":"Boot fahren, Bier trinken"},"content":{"rendered":"<p>[et_pb_section fb_built=&#8220;1&#8243; admin_label=&#8220;section&#8220; _builder_version=&#8220;4.16&#8243; global_colors_info=&#8220;{}&#8220;][et_pb_row admin_label=&#8220;Zeile&#8220; _builder_version=&#8220;4.16&#8243; background_size=&#8220;initial&#8220; background_position=&#8220;top_left&#8220; background_repeat=&#8220;repeat&#8220; global_colors_info=&#8220;{}&#8220; column_structure=&#8220;3_5,2_5&#8243;][et_pb_column type=&#8220;3_5&#8243; _builder_version=&#8220;4.16&#8243; custom_padding=&#8220;|||&#8220; global_colors_info=&#8220;{}&#8220; custom_padding__hover=&#8220;|||&#8220;][et_pb_text admin_label=&#8220;Text&#8220; _builder_version=&#8220;4.20.4&#8243; background_size=&#8220;initial&#8220; background_position=&#8220;top_left&#8220; background_repeat=&#8220;repeat&#8220; hover_enabled=&#8220;0&#8243; global_colors_info=&#8220;{}&#8220; sticky_enabled=&#8220;0&#8243;]<\/p>\n<p><strong>Bootfahren und Bier trinken in Utrecht?<\/strong>  Varen in Utrecht.nl hat f\u00fcr jede Gruppengr\u00f6\u00dfe bis zu 42 Personen ( mit einer maximalen Kapazit\u00e4t von 126 Passagieren ) eine passende Schaluppe auf den Grachten in Utrecht zu vermieten. Sie k\u00f6nnen unsere Schaluppe inklusive Skipper f\u00fcr mindestens 1,5 Stunden mieten, siehe unsere Preisseite. Sie k\u00f6nnen beim Bootfahren Ihr eigenes Bier trinken.  <\/p>\n<p>Das Boot kann mit bequemen Sitzpolstern, einem Verdeck und einem Beiboot ausgestattet werden. Von M\u00e4rz bis Mitte November k\u00f6nnen Sie mit unserem Boot eine Kanal- oder Bootstour durch die Domstadt unternehmen. Viel Spa\u00df beim Mieten eines Bootes f\u00fcr Ihren Junggesellenabschied, Betriebsausflug, Freundesausflug, Familienausflug oder Ihre Hochzeit.  <\/p>\n<p>Schauen Sie sich die Optionen an: <a href=\"https:\/\/vareninutrecht.nl\/portfolio\/grachtentocht\/\" target=\"_blank\" rel=\"noopener\">Kanal-Kreuzfahrt<\/a>, <a href=\"https:\/\/vareninutrecht.nl\/portfolio\/borreltocht\/\" target=\"_blank\" rel=\"noopener\">Getr\u00e4nke-Kreuzfahrt<\/a>, <a href=\"https:\/\/vareninutrecht.nl\/portfolio\/tapastocht\/\" target=\"_blank\" rel=\"noopener\">Tapat-Kreuzfahrt<\/a>, <a href=\"https:\/\/vareninutrecht.nl\/portfolio\/bruidsvaart-in-utrecht\/\" target=\"_blank\" rel=\"noopener\">Braut-Kreuzfahrt<\/a>, <a href=\"https:\/\/vareninutrecht.nl\/portfolio\/vechtvaart\/\" target=\"_blank\" rel=\"noopener\">Vecht-Kreuzfahrt<\/a>.<\/p>\n<p>[\/et_pb_text][et_pb_button button_text=&#8220;Unverbindliche Anfrage&#8220; _builder_version=&#8220;4.20.4&#8243; _module_preset=&#8220;default&#8220; button_url=&#8220;https:\/\/vareninutrecht.nl\/aanvraag\/&#8220; hover_enabled=&#8220;0&#8243; sticky_enabled=&#8220;0&#8243;][\/et_pb_button][testify_carousel mousewheel=&#8220;on&#8220; loop=&#8220;on&#8220; autoplay=&#8220;on&#8220; pause_slider=&#8220;on&#8220; column_layout=&#8220;4&#8243; arrows_icon_size=&#8220;30px&#8220; arrows_icon_color=&#8220;#539DE6&#8243; arrows_icon_bg_color=&#8220;RGBA(255,255,255,0)&#8220; author_link_show=&#8220;off&#8220; rating_color_active=&#8220;#93C94E&#8220; divider_border_color=&#8220;#4F95DE&#8220; container_border_enable=&#8220;on&#8220; _builder_version=&#8220;4.20.2&#8243; _module_preset=&#8220;default&#8220; author_font=&#8220;Lato||on||||||&#8220; author_text_align=&#8220;center&#8220; author_text_color=&#8220;#454545&#8243; author_font_size=&#8220;14px&#8220; author_line_height=&#8220;1.3em&#8220; global_colors_info=&#8220;{}&#8220; global_module=&#8220;1376248&#8243; theme_builder_area=&#8220;post_content&#8220;][testify_carousel_child item=&#8220;testimonialrating&#8220; item_title=&#8220;Rating&#8220; _builder_version=&#8220;3.0.47&#8243; global_colors_info=&#8220;{}&#8220; theme_builder_area=&#8220;post_content&#8220;][\/testify_carousel_child][testify_carousel_child item=&#8220;content&#8220; item_title=&#8220;Content&#8220; _builder_version=&#8220;3.0.47&#8243; global_colors_info=&#8220;{}&#8220; theme_builder_area=&#8220;post_content&#8220;][\/testify_carousel_child][testify_carousel_child item=&#8220;divider&#8220; item_title=&#8220;Divider&#8220; _builder_version=&#8220;3.0.47&#8243; global_colors_info=&#8220;{}&#8220; theme_builder_area=&#8220;post_content&#8220;][\/testify_carousel_child][testify_carousel_child item=&#8220;testimonialauthor&#8220; item_title=&#8220;Author&#8220; _builder_version=&#8220;3.0.47&#8243; global_colors_info=&#8220;{}&#8220; theme_builder_area=&#8220;post_content&#8220;][\/testify_carousel_child][testify_carousel_child item=&#8220;position&#8220; item_title=&#8220;Job Position&#8220; _builder_version=&#8220;3.0.47&#8243; global_colors_info=&#8220;{}&#8220; theme_builder_area=&#8220;post_content&#8220;][\/testify_carousel_child][\/testify_carousel][\/et_pb_column][et_pb_column type=&#8220;2_5&#8243; _builder_version=&#8220;4.16&#8243; custom_padding=&#8220;|||&#8220; global_colors_info=&#8220;{}&#8220; custom_padding__hover=&#8220;|||&#8220;][et_pb_filterable_portfolio _builder_version=&#8220;4.20.4&#8243; _module_preset=&#8220;default&#8220; posts_number=&#8220;6&#8243; include_categories=&#8220;15,20,30&#8243; hover_enabled=&#8220;0&#8243; sticky_enabled=&#8220;0&#8243;][\/et_pb_filterable_portfolio][\/et_pb_column][\/et_pb_row][\/et_pb_section]<\/p>\n","protected":false},"excerpt":{"rendered":"<p>Bootfahren und Bier trinken in Utrecht? Varen in Utrecht.nl hat f\u00fcr jede Gruppengr\u00f6\u00dfe bis zu 42 Personen ( mit einer maximalen Kapazit\u00e4t von 126 Passagieren ) eine passende Schaluppe auf den Grachten in Utrecht zu vermieten. Sie k\u00f6nnen unsere Schaluppe inklusive Skipper f\u00fcr mindestens 1,5 Stunden mieten, siehe unsere Preisseite. Sie k\u00f6nnen beim Bootfahren Ihr [&hellip;]<\/p>\n","protected":false},"author":1,"featured_media":0,"parent":0,"menu_order":7,"comment_status":"open","ping_status":"closed","template":"","meta":{"_et_pb_use_builder":"on","_et_pb_old_content":"","_et_gb_content_width":"","footnotes":""},"class_list":["post-1380221","page","type-page","status-publish","hentry"],"_links":{"self":[{"href":"https:\/\/rondvaartutrecht.nl\/de\/wp-json\/wp\/v2\/pages\/1380221","targetHints":{"allow":["GET"]}}],"collection":[{"href":"https:\/\/rondvaartutrecht.nl\/de\/wp-json\/wp\/v2\/pages"}],"about":[{"href":"https:\/\/rondvaartutrecht.nl\/de\/wp-json\/wp\/v2\/types\/page"}],"author":[{"embeddable":true,"href":"https:\/\/rondvaartutrecht.nl\/de\/wp-json\/wp\/v2\/users\/1"}],"replies":[{"embeddable":true,"href":"https:\/\/rondvaartutrecht.nl\/de\/wp-json\/wp\/v2\/comments?post=1380221"}],"version-history":[{"count":0,"href":"https:\/\/rondvaartutrecht.nl\/de\/wp-json\/wp\/v2\/pages\/1380221\/revisions"}],"wp:attachment":[{"href":"https:\/\/rondvaartutrecht.nl\/de\/wp-json\/wp\/v2\/media?parent=1380221"}],"curies":[{"name":"wp","href":"https:\/\/api.w.org\/{rel}","templated":true}]}}