{"id":1380136,"date":"2015-05-13T14:03:28","date_gmt":"2015-05-13T14:03:28","guid":{"rendered":"https:\/\/rondvaartutrecht.nl\/stellenangebote\/"},"modified":"2025-04-03T15:44:33","modified_gmt":"2025-04-03T15:44:33","slug":"stellenangebote","status":"publish","type":"page","link":"https:\/\/rondvaartutrecht.nl\/de\/stellenangebote\/","title":{"rendered":"Stellenangebote"},"content":{"rendered":"<p>[et_pb_section fb_built=&#8220;1&#8243; admin_label=&#8220;section&#8220; _builder_version=&#8220;4.16&#8243; global_colors_info=&#8220;{}&#8220;][et_pb_row admin_label=&#8220;Zeile&#8220; _builder_version=&#8220;4.16&#8243; background_size=&#8220;initial&#8220; background_position=&#8220;top_left&#8220; background_repeat=&#8220;repeat&#8220; global_colors_info=&#8220;{}&#8220;][et_pb_column type=&#8220;4_4&#8243; _builder_version=&#8220;4.16&#8243; custom_padding=&#8220;|||&#8220; global_colors_info=&#8220;{}&#8220; custom_padding__hover=&#8220;|||&#8220;][et_pb_post_title meta=&#8220;off&#8220; featured_image=&#8220;off&#8220; _builder_version=&#8220;4.20.2&#8243; _module_preset=&#8220;default&#8220; global_colors_info=&#8220;{}&#8220;][\/et_pb_post_title][et_pb_post_slider include_categories=&#8220;13&#8243; show_meta=&#8220;off&#8220; _builder_version=&#8220;4.20.4&#8243; _module_preset=&#8220;default&#8220; hover_enabled=&#8220;0&#8243; global_colors_info=&#8220;{}&#8220; sticky_enabled=&#8220;0&#8243;][\/et_pb_post_slider][et_pb_text admin_label=&#8220;Text&#8220; _builder_version=&#8220;4.20.2&#8243; background_size=&#8220;initial&#8220; background_position=&#8220;top_left&#8220; background_repeat=&#8220;repeat&#8220; global_colors_info=&#8220;{}&#8220;]<\/p>\n<p><b>M\u00f6chten Sie in einem Unternehmen arbeiten, das Spa\u00df macht?<\/b><\/p>\n<p><span class=\"Apple-style-span\">Varen in Utrecht.nl begann im Jahr 2004 mit der Organisation und Durchf\u00fchrung von Bootsfahrten in Utrecht und Umgebung. Seitdem haben wir uns zu einem renommierten und einem der gr\u00f6\u00dften Bootsverleihe in Utrecht entwickelt! Varen in Utrecht.nl ist ein dynamisches Unternehmen, das Wert auf Qualit\u00e4t legt. Mit unseren enthusiastischen Skippern und B\u00fcromitarbeitern tun wir unser Bestes, um die Fahrten perfekt zu organisieren und zu leiten und eine Bootsfahrt zu einem unvergesslichen Moment zu machen.   <\/span><\/p>\n<p>F\u00fcr die Bootssaison (M\u00e4rz bis November) suchen wir begeisterte und seri\u00f6se<\/p>\n<p>[\/et_pb_text][et_pb_blog fullwidth=&#8220;off&#8220; posts_number=&#8220;4&#8243; include_categories=&#8220;13&#8243; show_author=&#8220;off&#8220; show_date=&#8220;off&#8220; show_categories=&#8220;off&#8220; _builder_version=&#8220;4.20.4&#8243; _module_preset=&#8220;default&#8220; header_text_color=&#8220;#4F95DE&#8220; header_line_height=&#8220;1.3em&#8220; hover_enabled=&#8220;0&#8243; border_color_all=&#8220;#DDF3FC&#8220; global_colors_info=&#8220;{}&#8220; sticky_enabled=&#8220;0&#8243;][\/et_pb_blog][et_pb_text admin_label=&#8220;Text&#8220; _builder_version=&#8220;4.20.2&#8243; background_size=&#8220;initial&#8220; background_position=&#8220;top_left&#8220; background_repeat=&#8220;repeat&#8220; global_colors_info=&#8220;{}&#8220;]<\/p>\n<p><b>Skipper in Teilzeit oder Vollzeit 10 &#8211; 38 Stunden pro Woche<\/b><\/p>\n<p><span class=\"Apple-style-span\">der nicht nur Skipper ist, sondern auch gerne kundenorientiert auf unsere G\u00e4ste zugeht und sie zu ihrer Zufriedenheit herumf\u00fchrt. Die Stelle kann auch als Nebenjob nur f\u00fcr Samstage\/Wochenenden oder abends besetzt werden. <br \/><b><br \/>Ihr<br \/><\/b><\/span><span class=\"Apple-style-span\">&#8211; im Besitz eines kleinen Bootsf\u00fchrerscheins sind oder bereit sind, den F\u00fchrerschein1 kurzfristig zu erwerben<br \/><\/span><span class=\"Apple-style-span\">&#8211; \u00fcber umfangreiche Erfahrung im F\u00fchren eines Motorbootes verf\u00fcgen;<br \/><\/span><span class=\"Apple-style-span\">&#8211; eine zupackende Mentalit\u00e4t haben;<\/span><span class=\"Apple-style-span\"><br \/><\/span><span class=\"Apple-style-span\">&#8211; Sie sind bereit, an Wochenenden zu arbeiten (mindestens jede zweite Woche);<\/span><br \/><span class=\"Apple-style-span\">&#8211; arbeitet gerne im Team;<\/span><br \/><span class=\"Apple-style-span\">&#8211; Sie haben eine Vorliebe f\u00fcr die Erholung am Wasser;<\/span><br \/><span class=\"Apple-style-span\">&#8211; kennen die Erholungs- und Gastronomieeinrichtungen entlang der Uferpromenade in Utrecht;<br \/>&#8211; haben einen Sinn f\u00fcr Gastfreundschaft und eine kundenorientierte Einstellung;<br \/>&#8211; haben gute Umgangsformen und Kommunikationsf\u00e4higkeiten;<br \/><\/span><span class=\"Apple-style-span\">&#8211; ein gepflegtes \u00c4u\u00dferes haben;<br \/><\/span><span class=\"Apple-style-span\">&#8211; mindestens die englische Sprache in Wort beherrschen; <\/span> <span class=\"Apple-style-span\"><br \/><\/span><span class=\"Apple-style-span\">&#8211; Sie wohnen in Utrecht oder in der n\u00e4heren Umgebung.<\/span><\/p>\n<p><span class=\"Apple-style-span\"><b>Wir<\/b> bieten<br \/><\/span><span class=\"Apple-style-span\">&#8211; ein angenehmes Arbeitsumfeld;<br \/><\/span><span class=\"Apple-style-span\">&#8211; hilfsbereite Kollegen und B\u00fcroangestellte, die mit Ihnen mitdenken;<br \/><\/span><span class=\"Apple-style-span\">&#8211; eine gr\u00fcndliche Ausbildung im Segeln;<br \/><\/span><span class=\"Apple-style-span\">&#8211; ein wettbewerbsf\u00e4higes Gehalt.<\/span><\/p>\n<p><em>Neben einer Teilzeit-Bereitschaftskraft suchen wir auch einen Teilzeit-Skipper f\u00fcr 24-32 Stunden pro Woche, der an Wochenenden (Do-So) und abends flexibel einsetzbar ist.  <\/em><\/p>\n<p><span class=\"Apple-style-span\">Erkennen Sie sich in den oben genannten Punkten wieder und sind Sie begeistert? Dann senden Sie eine kurze Motivation und einen Lebenslauf an: <a href=\"mailto:info@vareninutrecht.nl\">info@vareninutrecht.nl <\/a>  <\/span>Zu H\u00e4nden: Ronald van der Wal.<\/p>\n<hr>\n<p><strong>Kaufm\u00e4nnische\/administrative Assistentin f\u00fcr den Innenbereich  <\/strong><\/p>\n<p>Varen in Utrecht sucht einen enthusiastischen kaufm\u00e4nnischen Mitarbeiter, der in einem dynamischen und informellen Arbeitsumfeld gut zurechtkommt.<br \/>Nach einer Einarbeitungszeit sind Sie in der Lage, selbstst\u00e4ndig Informations- und Reservierungsanfragen zu bearbeiten, Angebote und Best\u00e4tigungen zu erstellen, die Bootsfahrten zu planen und die Skipper zu beauftragen. Kurz gesagt, Sie organisieren und bereiten Bootsausfl\u00fcge vor und unterst\u00fctzen das Skipper-Team. Es gibt auch viel Raum f\u00fcr Ihren eigenen Beitrag.  <\/p>\n<p>Sind Sie kaufm\u00e4nnisch veranlagt und sorgen Sie gerne daf\u00fcr, dass es Ihren Kunden an nichts fehlt? Arbeiten Sie gerne genau und akribisch, k\u00f6nnen Sie gut zwischen verschiedenen Aufgaben wechseln, ohne Ihre Akribie zu verlieren? Sind Sie engagiert, kollegial und kundenorientiert, haben Sie eine Hands-on-Mentalit\u00e4t, k\u00f6nnen Sie selbst\u00e4ndig arbeiten und haben Sie eine Affinit\u00e4t zu einem Freizeitunternehmen und der Stadt Utrecht\/Wasser\/Bootfahren?  <\/p>\n<p>Dann senden Sie eine kurze Motivation und einen Lebenslauf f\u00fcr diesen lustigen und vielseitigen Job bei Varen in Utrecht.nl an: <span class=\"Apple-style-span\"> <a href=\"mailto:info@vareninutrecht.nl\">info@vareninutrecht.nl <\/a><\/span>Zu H\u00e4nden: Ronald van der Wal.<\/p>\n<p>Mindestanforderungen:<\/p>\n<p>&#8211; MBO\/HBO-Denken und\/oder Berufserfahrung im Tourismus-\/Freizeitbereich, Veranstaltungsorganisation oder Freizeitmanagement.<br \/>&#8211; Erfahrung mit Microsoft Office, Outlook, benutzerfreundlichen Reservierungssystemen.<br \/>&#8211; Wohnhaft in Utrecht.<br \/><span class=\"Apple-style-span\">&#8211; <\/span>Nichtraucher.<br \/>&#8211; Verf\u00fcgbar f\u00fcr mindestens 24-32 Stunden pro Woche in der Hochsaison (April bis September).<br \/>&#8211; Flexible Arbeitseinstellung, keine 9 bis 5-Mentalit\u00e4t.<\/p>\n<p>Wir bieten:<\/p>\n<p>&#8211; Ein nettes, informelles Arbeitsumfeld, in dem nicht nur geplaudert, sondern auch hart gearbeitet wird.<br \/>&#8211; Ein ganz besonderer Arbeitsplatz in einem historischen Werftkeller direkt im Stadtzentrum.<br \/>&#8211; Flexible Aufteilung der Tage\/Stunden.<br \/>&#8211; Marktgerechtes Gehalt.<\/p>\n<hr>\n<p><b><br \/>Samstag Hilfe  <\/b><\/p>\n<p>F\u00fcr die Mithilfe in unserem Gastronomiekeller und alle \u00fcblichen Aufgaben am Segelsteg suchen wir einen enthusiastischen Helfer, der gerne zur Sache kommt.<\/p>\n<p>Aufgaben:<br \/>&#8211; Unterst\u00fctzung der Skipper bei den Vorbereitungen der Fahrten;<br \/>&#8211; Vorbereitung aller Vorr\u00e4te (Getr\u00e4nke) f\u00fcr das Catering;<br \/>&#8211; Mithilfe bei der Reinigung der Schaluppen und des Kellerbereichs;<br \/>&#8211; Begr\u00fc\u00dfung unserer Kunden an den gesch\u00e4ftigen Samstagen;<br \/><span class=\"Apple-style-span\">&#8211; Anleitung der Bootsfahrer bei der Durchf\u00fchrung der Fahrten;<br \/>&#8211; eventuell Abholung und Abtransport unserer Schaluppen zu den St\u00e4llen<br \/><\/span><span class=\"Apple-style-span\"><br \/>Mindestanforderungen:<\/span><span class=\"Apple-style-span\"><br \/><\/span><span class=\"Apple-style-span\">&#8211; Bereitschaft, neben Samstagen auch an Wochentagen abends zu arbeiten;<br \/>&#8211; Affinit\u00e4t zu Wassersportarten;<br \/>&#8211; kundenorientierte Einstellung;<br \/>&#8211; wohnhaft in Utrecht;<br \/>&#8211; gute Umgangsformen und Kommunikationsf\u00e4higkeiten.  <\/span><\/p>\n<p>Voraussetzung: Die F\u00e4higkeit, ein Motorboot zu fahren und einen kleinen Bootsf\u00fchrerschein zu besitzen.<\/p>\n<p><span class=\"Apple-style-span\">Erkennen Sie sich in den oben genannten Punkten wieder und sind Sie begeistert? Dann senden Sie eine kurze Motivation und einen Lebenslauf an: <a href=\"mailto:info@vareninutrecht.nl\">info@vareninutrecht.nl t.n. <\/a>v. Ronald van der Wal. <\/span><\/p>\n<p><b>Betriebsleiter<\/b><\/p>\n<p>F\u00fcr die neue Segelsaison suchen wir einen Operations Manager, der f\u00fcr das Tagesgesch\u00e4ft verantwortlich ist. Dies ist eine vielseitige Position, die nach einer Einarbeitungszeit nach eigenem Ermessen weiterentwickelt und ausgebaut werden kann. Je nach Ihrer Erfahrung werden Sie die folgenden T\u00e4tigkeiten ausf\u00fchren:  <\/p>\n<p>Kommerzielle Verwaltung<\/p>\n<ul>\n<li>Bearbeitung von Informationsfluss und Reservierungsanfragen per E-Mail<\/li>\n<li>Ausk\u00fcnfte an Kunden per Telefon erteilen<\/li>\n<li>Ausk\u00fcnfte an Kunden in unserem B\u00fcro Oudegracht 175W<\/li>\n<li>Erstellen, Versenden und Dokumentieren von Angeboten und Best\u00e4tigungen<\/li>\n<li>Planung und Organisation von Bootsfahrten \u00fcber SEM (Smart Event Manager)<\/li>\n<li>Auftr\u00e4ge an Lieferanten erteilen<\/li>\n<li>Mithilfe bei der Teilbuchhaltung (Rechnungsstellung und Kassenf\u00fchrung) usw.<\/li>\n<li>Scannen von eingehenden Dokumenten<\/li>\n<li>Alle anderen allgemeinen Aufgaben im Zusammenhang mit dem Job.<\/li>\n<\/ul>\n<p><u>Personalverwaltung<\/u><\/p>\n<ul>\n<li>Planung und Vermittlung von Skippern<\/li>\n<li>Zeitaufzeichnungen f\u00fchren Kapit\u00e4n<\/li>\n<li>Management der Crew des Skippers am Abfahrtssteg<\/li>\n<\/ul>\n<p><u>Verpflegung<\/u><\/p>\n<ul>\n<li>Vorbereitung der Verpflegung f\u00fcr die Bootsfahrten<\/li>\n<li>Bearbeitung eingehender Auftr\u00e4ge<\/li>\n<li>Falls erforderlich, helfen Sie den Skippern beim Ein- und Aussteigen<\/li>\n<\/ul>\n<p><u>Allgemein<\/u><\/p>\n<ul>\n<li>Ersetzen des Managements w\u00e4hrend der Abwesenheit<\/li>\n<li>( pre ) Segeln auf unseren Passagierschiffen, Tourbooten und Salonbooten. <\/li>\n<li>Kontrolle der Boote im Nachtlager ( Hooghiemstra und Liegepl\u00e4tze im Kanal )<\/li>\n<li>Behalten Sie den \u00dcberblick \u00fcber die abfahrenden und ankommenden Boote an der Anlegestelle an der Oudegracht.<\/li>\n<li>Mindestens jede zweite Woche eine Samstagsschicht arbeiten<\/li>\n<li>Pflege der Kontakte zu Gesch\u00e4ftspartnern (einschlie\u00dflich Tourismus Utrecht und Pauschalreiseveranstalter)<\/li>\n<\/ul>\n<p>Job-Anforderungen<\/p>\n<p>Sie:<\/p>\n<ul>\n<li>Haben Sie eine flexible Einstellung,<\/li>\n<li>genau und pr\u00e4zise arbeiten k\u00f6nnen,<\/li>\n<li>sind in der Lage, in einer chaotischen Umgebung und bei viel Arbeit den \u00dcberblick zu behalten und k\u00f6nnen leicht zwischen verschiedenen Aufgaben wechseln, ohne Ihre Genauigkeit und Freundlichkeit zu verlieren,<\/li>\n<li>denkt gerne mit Kunden und ist in der Lage, freundlich und klar mit ihnen zu sprechen,<\/li>\n<li>Er genie\u00dft den Umgang mit Menschen,<\/li>\n<li>Sie verf\u00fcgen \u00fcber kaufm\u00e4nnisches Verst\u00e4ndnis, sind enthusiastisch, durchsetzungsf\u00e4hig und engagiert und haben Spa\u00df daran, Auftr\u00e4ge zu gewinnen, ohne Ihre Individualit\u00e4t zu verlieren,<\/li>\n<li>nach einer Einf\u00fchrungsphase selbst\u00e4ndig arbeiten k\u00f6nnen,<\/li>\n<li>in der Lage sind, Ihre eigenen Arbeitszeiten zu planen und im Auge zu behalten (keine 9-to-5-Mentalit\u00e4t)<\/li>\n<li>kann einen Assistenten\/Praktikanten und die Skipper-Crew beaufsichtigen,<\/li>\n<li>zumindest \u00fcber Grundkenntnisse im Umgang mit E-Mail-Programmen, MS Word und MS Excel und Outlook verf\u00fcgen und mit dem Internet und benutzerfreundlichen Reservierungssystemen vertraut sind,<\/li>\n<li>eine Affinit\u00e4t zu Wassersport und Bootsfahrten sowie ein Interesse an der Utrechter Hotellerie, Sehensw\u00fcrdigkeiten, Hochzeitslocations usw. haben,<\/li>\n<li>Beherrschung der niederl\u00e4ndischen Sprache in Wort und Schrift<\/li>\n<li>Beherrschen Sie zumindest grundlegende Englischkenntnisse in Wort und Schrift,<\/li>\n<li>Sie wohnen in Utrecht.<\/li>\n<\/ul>\n<p>Vor<\/p>\n<ul>\n<li>vertraut mit Gastronomiebetrieben, Hochzeitslocations, Attraktionen und Sehensw\u00fcrdigkeiten im Zentrum von Utrecht,<\/li>\n<li>Erfahrung im Bootssport und die Bereitschaft, mindestens den Bootsf\u00fchrerschein (VB1 ) zu machen.<\/li>\n<li>Ausbildung im Bereich Tourismus oder Erfahrung in einem Handelsunternehmen,<\/li>\n<li>nicht rauchen.<\/li>\n<\/ul>\n<p>Was bieten wir an?<\/p>\n<ul>\n<li>Eine abwechslungsreiche Stelle in einem Freizeitunternehmen, das Spa\u00df macht;<\/li>\n<li>Eine angenehme Arbeitsumgebung in einem historischen Werftkeller im Herzen von Utrecht;<\/li>\n<li>Die M\u00f6glichkeit, neue Dinge zu lernen und Verantwortung zu \u00fcbernehmen;<\/li>\n<li>einen saisonalen Vertrag;<\/li>\n<li>Ein wettbewerbsf\u00e4higes Gehalt;<\/li>\n<li>eine angenehme Zusammenarbeit mit Kollegen,<\/li>\n<li>Flexibilit\u00e4t bei der Terminplanung;<\/li>\n<\/ul>\n<p>[\/et_pb_text][\/et_pb_column][\/et_pb_row][\/et_pb_section]<\/p>\n","protected":false},"excerpt":{"rendered":"<p>M\u00f6chten Sie in einem Unternehmen arbeiten, das Spa\u00df macht? Varen in Utrecht.nl begann im Jahr 2004 mit der Organisation und Durchf\u00fchrung von Bootsfahrten in Utrecht und Umgebung. Seitdem haben wir uns zu einem renommierten und einem der gr\u00f6\u00dften Bootsverleihe in Utrecht entwickelt! Varen in Utrecht.nl ist ein dynamisches Unternehmen, das Wert auf Qualit\u00e4t legt. Mit [&hellip;]<\/p>\n","protected":false},"author":1,"featured_media":0,"parent":0,"menu_order":0,"comment_status":"closed","ping_status":"closed","template":"","meta":{"_et_pb_use_builder":"on","_et_pb_old_content":"","_et_gb_content_width":"","footnotes":""},"class_list":["post-1380136","page","type-page","status-publish","hentry"],"_links":{"self":[{"href":"https:\/\/rondvaartutrecht.nl\/de\/wp-json\/wp\/v2\/pages\/1380136","targetHints":{"allow":["GET"]}}],"collection":[{"href":"https:\/\/rondvaartutrecht.nl\/de\/wp-json\/wp\/v2\/pages"}],"about":[{"href":"https:\/\/rondvaartutrecht.nl\/de\/wp-json\/wp\/v2\/types\/page"}],"author":[{"embeddable":true,"href":"https:\/\/rondvaartutrecht.nl\/de\/wp-json\/wp\/v2\/users\/1"}],"replies":[{"embeddable":true,"href":"https:\/\/rondvaartutrecht.nl\/de\/wp-json\/wp\/v2\/comments?post=1380136"}],"version-history":[{"count":0,"href":"https:\/\/rondvaartutrecht.nl\/de\/wp-json\/wp\/v2\/pages\/1380136\/revisions"}],"wp:attachment":[{"href":"https:\/\/rondvaartutrecht.nl\/de\/wp-json\/wp\/v2\/media?parent=1380136"}],"curies":[{"name":"wp","href":"https:\/\/api.w.org\/{rel}","templated":true}]}}