{"id":1380130,"date":"2015-04-30T08:57:56","date_gmt":"2015-04-30T08:57:56","guid":{"rendered":"https:\/\/rondvaartutrecht.nl\/faq-segeln-in-utrecht\/"},"modified":"2025-04-03T15:44:28","modified_gmt":"2025-04-03T15:44:28","slug":"faq-segeln-in-utrecht","status":"publish","type":"page","link":"https:\/\/rondvaartutrecht.nl\/de\/faq-segeln-in-utrecht\/","title":{"rendered":"FAQ Segeln in Utrecht"},"content":{"rendered":"<p>[et_pb_section fb_built=&#8220;1&#8243; _builder_version=&#8220;4.20.2&#8243; background_color=&#8220;#DDF3FC&#8220; global_colors_info=&#8220;{}&#8220;][et_pb_row column_structure=&#8220;2_3,1_3&#8243; _builder_version=&#8220;4.16&#8243; background_size=&#8220;initial&#8220; background_position=&#8220;top_left&#8220; background_repeat=&#8220;repeat&#8220; global_colors_info=&#8220;{}&#8220;][et_pb_column type=&#8220;2_3&#8243; _builder_version=&#8220;4.16&#8243; custom_padding=&#8220;|||&#8220; global_colors_info=&#8220;{}&#8220; custom_padding__hover=&#8220;|||&#8220;][et_pb_text _builder_version=&#8220;4.20.2&#8243; background_size=&#8220;initial&#8220; background_position=&#8220;top_left&#8220; background_repeat=&#8220;repeat&#8220; global_colors_info=&#8220;{}&#8220;]<\/p>\n<h1 class=\"page-heading\">FAQ Segeln in Utrecht<\/h1>\n<p><b>K\u00f6nnen wir im Falle von schlechtem Wetter absagen?<\/b><br \/>Am Segeltag selbst k\u00f6nnen Sie nur im Falle eines Sturms in Verbindung mit anhaltenden starken Regenf\u00e4llen kostenlos stornieren. In allen anderen F\u00e4llen segeln wir wie gewohnt. Die <a href=\"https:\/\/varen.dividiva.nl\/algemene-voorwaarden\/\" target=\"_blank\" rel=\"noopener\">Allgemeinen Gesch\u00e4ftsbedingungen<\/a> auf der Seite <a href=\"https:\/\/varen.dividiva.nl\/tarieven\/\" target=\"_blank\" rel=\"noopener\">Preise<\/a> gelten f\u00fcr alle unsere Bootsfahrten.  <\/p>\n<p><b>Was ist, wenn es am Tag der Abfahrt zu regnen beginnt?<br \/><\/b>Wir verwenden offene Boote, die bei Regen vollst\u00e4ndig abgedeckt werden k\u00f6nnen. Die Seiten k\u00f6nnen mit Rei\u00dfverschl\u00fcssen und Fenstern versehen werden. Bei einem gro\u00dfen Regenschauer k\u00f6nnen wir also einfach weitersegeln.  <\/p>\n<p><b>Kann das Verdeck beim Segeln abgenommen werden?<\/b><br \/>Ja, wenn es trocken wird, kann das Verdeck in Absprache mit dem Skipper wieder eingeklappt werden. Schlie\u00dflich ist &#8222;offenes&#8220; Segeln das, was wir am liebsten m\u00f6gen. Aufgrund der geringen Durchfahrtsh\u00f6he (1,90 Meter) auf den Kan\u00e4len sind auch die Kopffreiheit unter dem Verdeck und die Sicht etwas eingeschr\u00e4nkt.  <\/p>\n<p><b>Wann wird die Haube installiert?<\/b><br \/>Wir montieren den Baldachin nur, wenn viel und anhaltender Regen erwartet wird und auf besonderen Wunsch. Bei <a href=\"https:\/\/vareninutrecht.nl\/project\/bruidsvaart-utrecht\/\" target=\"_blank\" rel=\"noopener\">Hochzeitsfl\u00fcgen<\/a> ist es wahrscheinlicher, dass wir den Baldachin anbringen. <\/p>\n<p><b>Kann an Bord Musik gespielt werden?<\/b><br \/>Nein, es darf leider keine verst\u00e4rkte Musik gespielt werden. Die Gemeinde hat dies beschlossen, weil die Bel\u00e4stigung der Anwohner zu gro\u00df ist. Immerhin tr\u00e4gt der Schall weit \u00fcber das Wasser. Akustischer Gesang oder z.B. Gitarrenspiel ist jedoch erlaubt.   <\/p>\n<p><b>Von wo aus fahren die Schaluppen ab?<br \/><\/b>Wir fahren im Herzen des Stadtzentrums von der Oudegracht (Tolsteegzijde) t.h.v. Nr. 175 an der Gaardbrug ab. Siehe die Karte und die Wegbeschreibung auf der Seite <a href=\"https:\/\/rondvaartutrecht.nl\/de\/schiffsanleger\/\">Abfahrtssteg<\/a> <\/p>\n<p><b>K\u00f6nnen wir mehr als 12 Personen auf 1 Schaluppe mitnehmen?<\/b><br \/>Ja, das k\u00f6nnen Sie! Allerdings muss die Schaluppe offiziell von der Schifffahrtsinspektion inspiziert werden und die Gemeinde Utrecht muss eine Betriebsgenehmigung ausstellen. Varen in Utrecht.nl besitzt 4 Betriebslizenzen. Alle unsere Boote werden von der Schifffahrtsaufsichtsbeh\u00f6rde inspiziert. Das gr\u00f6\u00dfte Boot bietet Platz f\u00fcr 42 Personen. Bei mehr Teilnehmern teilen wir die Gruppe auf mehrere Boote auf.     <\/p>\n<p><b>K\u00f6nnen wir f\u00fcr weniger als 1 \u00bd Stunden segeln?<\/b><br \/>Ja, das ist m\u00f6glich. Erkundigen Sie sich in diesem Fall nach den Preisen, es gibt einen Mindestpreis, der von der Gruppengr\u00f6\u00dfe abh\u00e4ngt. Wenn Sie nur 1 Stunde segeln, stellen Sie sicher, dass Sie 5 Minuten vor dem Start anwesend sind. F\u00fcr eine Tour durch Utrecht brauchen wir wirklich die volle Stunde.   <\/p>\n<p><b>K\u00f6nnen wir unsere eigenen Snacks und Getr\u00e4nke mit an Bord bringen?<\/b><br \/>Nur w\u00e4hrend der <a href=\"https:\/\/varen.dividiva.nl\/portfolio\/borreltocht\/\" target=\"_blank\" rel=\"noopener\">Getr\u00e4nke-<\/a> und<a href=\"https:\/\/varen.dividiva.nl\/portfolio\/tapastocht\/\" target=\"_blank\" rel=\"noopener\"> Tapas-Kreuzfahrt<\/a> werden wir die Getr\u00e4nke und Snacks f\u00fcr Sie besorgen. Auf den anderen Fahrten k\u00f6nnen Sie Ihre eigenen Snacks und Getr\u00e4nke mitbringen. Daf\u00fcr berechnen wir keine zus\u00e4tzlichen Kosten. Wir erwarten von Ihnen, dass Sie alle Abf\u00e4lle wieder mit an Bord nehmen und nicht in den Werften zur\u00fccklassen.   <\/p>\n<p><b>K\u00f6nnen Sie Snacks und Getr\u00e4nke bereitstellen?<\/b><br \/>Ja, das k\u00f6nnen Sie. Wir bringen die Getr\u00e4nke gek\u00fchlt an Bord und berechnen einen Pauschalpreis von \u20ac8,50 pro Person und Stunde. (Bier, Wein, Ros\u00e9, alkoholfreie Getr\u00e4nke) Kalte Vorspeisen (K\u00e4se, Wurst, Oliven, N\u00fcsse) kosten 5,75 \u20ac p.P., warme Vorspeisen 5,75 \u20ac p.P., Luxusvorspeisen 9,00 \u20ac p.P., Kaffee\/Tee 4,00 \u20ac p.P. und Mittagessen ab 13,50 \u20ac p.P., siehe unsere Seite<a href=\"https:\/\/vareninutrecht.nl\/project_category\/catering\/\" target=\"_blank\" rel=\"noopener\">&#8222;Cateringpreise<\/a>&#8222;.   <\/p>\n<p><b>Ist das Getr\u00e4nkepaket unbegrenzt?<\/b><br \/>Nein, wir rechnen mit durchschnittlich 2 1\/2 Getr\u00e4nken pro Person und Stunde. Manche trinken mehr, andere weniger. Es gibt reichlich von allem und Sie k\u00f6nnen einfach einen Drink nehmen. Das Paket gilt nur f\u00fcr <i>die Dauer <\/i>der Kreuzfahrt. Sie k\u00f6nnen nach der Reise keine Reste mitnehmen.    <\/p>\n<p><b>Bezahlen wir f\u00fcr den gesamten Inhalt der K\u00fchlbox?<\/b><br \/>Nein, Sie zahlen eine durchschnittliche Anzahl von Getr\u00e4nken, die nach der gesamten Fahrtzeit berechnet wird. Es handelt sich um ein Paket, d.h. wir bringen insgesamt mehr Getr\u00e4nke an Bord, damit jeder gen\u00fcgend Getr\u00e4nke und Auswahl hat. <br \/><b><br \/>Kann ich anstelle von Softdrinks nur Bier oder Wein bekommen?<br \/><\/b>Wir k\u00f6nnen mehr oder weniger von einer bestimmten Art von Getr\u00e4nken an Bord bringen, wenn Sie dies im Voraus angeben. Es bleibt jedoch ein Pauschalangebot. Es ist nicht die Absicht, sich an Bord zu betrinken. Wir m\u00f6chten es an Bord gem\u00fctlich halten.     <b><\/b><\/p>\n<p><strong>K\u00f6nnen wir die Tour mit einer anderen Aktivit\u00e4t kombinieren?<\/strong><br \/>Ja, wir bieten <a href=\"https:\/\/varen.dividiva.nl\/arrangementen\/\" target=\"_blank\" rel=\"noopener\">Pakete<\/a> an und werfen Sie auch einen Blick auf unsere <a href=\"https:\/\/varen.dividiva.nl\/category\/evenementen\/\" target=\"_blank\" rel=\"noopener\">Veranstaltungsseite<\/a>.<\/p>\n<p>[\/et_pb_text][\/et_pb_column][et_pb_column type=&#8220;1_3&#8243; _builder_version=&#8220;4.16&#8243; custom_padding=&#8220;|||&#8220; global_colors_info=&#8220;{}&#8220; custom_padding__hover=&#8220;|||&#8220;][et_pb_button button_url=&#8220;https:\/\/vareninutrecht.nl\/algemene-voorwaarden\/&#8220; button_text=&#8220;Download der Verhaltensregeln&#8220; button_alignment=&#8220;center&#8220; _builder_version=&#8220;4.24.2&#8243; _module_preset=&#8220;default&#8220; hover_enabled=&#8220;0&#8243; global_colors_info=&#8220;{}&#8220; sticky_enabled=&#8220;0&#8243;][\/et_pb_button][et_pb_image src=&#8220;https:\/\/vareninutrecht.nl\/wp-content\/uploads\/gedragsregels-op-het-water-varen-in-Utrecht-e1680776301925.png&#8220; alt=&#8220;Verhaltensregeln auf dem Wasser - Bootfahren in Utrecht&#8220; title_text=&#8220;Verhaltensregeln auf dem Wasser - Bootfahren in Utrecht&#8220; _builder_version=&#8220;4.20.2&#8243; _module_preset=&#8220;default&#8220; global_colors_info=&#8220;{}&#8220;][\/et_pb_image][et_pb_button button_url=&#8220;https:\/\/vareninutrecht.nl\/algemene-voorwaarden\/&#8220; button_text=&#8220;Allgemeine Bedingungen und Konditionen&#8220; button_alignment=&#8220;center&#8220; _builder_version=&#8220;4.24.2&#8243; _module_preset=&#8220;default&#8220; hover_enabled=&#8220;0&#8243; global_colors_info=&#8220;{}&#8220; sticky_enabled=&#8220;0&#8243;][\/et_pb_button][et_pb_button button_url=&#8220;https:\/\/vareninutrecht.nl\/aanvraag\/&#8220; button_text=&#8220;Unverbindliche Anfrage f\u00fcr ein Boot&#8220; button_alignment=&#8220;center&#8220; _builder_version=&#8220;4.24.2&#8243; _module_preset=&#8220;default&#8220; hover_enabled=&#8220;0&#8243; global_colors_info=&#8220;{}&#8220; sticky_enabled=&#8220;0&#8243;][\/et_pb_button][\/et_pb_column][\/et_pb_row][\/et_pb_section]<\/p>\n","protected":false},"excerpt":{"rendered":"<p>FAQ Segeln in Utrecht K\u00f6nnen wir im Falle von schlechtem Wetter absagen?Am Segeltag selbst k\u00f6nnen Sie nur im Falle eines Sturms in Verbindung mit anhaltenden starken Regenf\u00e4llen kostenlos stornieren. In allen anderen F\u00e4llen segeln wir wie gewohnt. Die Allgemeinen Gesch\u00e4ftsbedingungen auf der Seite Preise gelten f\u00fcr alle unsere Bootsfahrten. Was ist, wenn es am Tag [&hellip;]<\/p>\n","protected":false},"author":1,"featured_media":0,"parent":0,"menu_order":0,"comment_status":"closed","ping_status":"closed","template":"","meta":{"_et_pb_use_builder":"on","_et_pb_old_content":"","_et_gb_content_width":"","footnotes":""},"class_list":["post-1380130","page","type-page","status-publish","hentry"],"_links":{"self":[{"href":"https:\/\/rondvaartutrecht.nl\/de\/wp-json\/wp\/v2\/pages\/1380130","targetHints":{"allow":["GET"]}}],"collection":[{"href":"https:\/\/rondvaartutrecht.nl\/de\/wp-json\/wp\/v2\/pages"}],"about":[{"href":"https:\/\/rondvaartutrecht.nl\/de\/wp-json\/wp\/v2\/types\/page"}],"author":[{"embeddable":true,"href":"https:\/\/rondvaartutrecht.nl\/de\/wp-json\/wp\/v2\/users\/1"}],"replies":[{"embeddable":true,"href":"https:\/\/rondvaartutrecht.nl\/de\/wp-json\/wp\/v2\/comments?post=1380130"}],"version-history":[{"count":0,"href":"https:\/\/rondvaartutrecht.nl\/de\/wp-json\/wp\/v2\/pages\/1380130\/revisions"}],"wp:attachment":[{"href":"https:\/\/rondvaartutrecht.nl\/de\/wp-json\/wp\/v2\/media?parent=1380130"}],"curies":[{"name":"wp","href":"https:\/\/api.w.org\/{rel}","templated":true}]}}