{"id":1380122,"date":"2015-04-23T10:48:43","date_gmt":"2015-04-23T10:48:43","guid":{"rendered":"https:\/\/rondvaartutrecht.nl\/allgemeine-bedingungen-und-konditionen\/"},"modified":"2025-04-03T15:44:11","modified_gmt":"2025-04-03T15:44:11","slug":"allgemeine-bedingungen-und-konditionen","status":"publish","type":"page","link":"https:\/\/rondvaartutrecht.nl\/de\/allgemeine-bedingungen-und-konditionen\/","title":{"rendered":"Allgemeine Bedingungen und Konditionen"},"content":{"rendered":"<p>[et_pb_section fb_built=&#8220;1&#8243; admin_label=&#8220;section&#8220; _builder_version=&#8220;4.16&#8243; global_colors_info=&#8220;{}&#8220; theme_builder_area=&#8220;post_content&#8220;][et_pb_row column_structure=&#8220;2_3,1_3&#8243; admin_label=&#8220;Zeile&#8220; _builder_version=&#8220;4.16&#8243; background_size=&#8220;initial&#8220; background_position=&#8220;top_left&#8220; background_repeat=&#8220;repeat&#8220; global_colors_info=&#8220;{}&#8220; theme_builder_area=&#8220;post_content&#8220;][et_pb_column type=&#8220;2_3&#8243; _builder_version=&#8220;4.16&#8243; custom_padding=&#8220;|||&#8220; global_colors_info=&#8220;{}&#8220; custom_padding__hover=&#8220;|||&#8220; theme_builder_area=&#8220;post_content&#8220;][et_pb_post_title meta=&#8220;off&#8220; featured_image=&#8220;off&#8220; _builder_version=&#8220;4.20.2&#8243; _module_preset=&#8220;default&#8220; global_colors_info=&#8220;{}&#8220; theme_builder_area=&#8220;post_content&#8220;][\/et_pb_post_title][et_pb_text admin_label=&#8220;Text&#8220; _builder_version=&#8220;4.20.2&#8243; background_size=&#8220;initial&#8220; background_position=&#8220;top_left&#8220; background_repeat=&#8220;repeat&#8220; global_colors_info=&#8220;{}&#8220; theme_builder_area=&#8220;post_content&#8220;]<strong>Anzahl der Personen<\/strong><br \/>\nSie k\u00f6nnen uns die Anzahl der Personen\/Teilnehmer bis zu 10 Tage vor dem Datum der Kreuzfahrt mitteilen. Geringf\u00fcgige \u00c4nderungen von bis zu 10% der uns bekannten Personenzahl\/Teilnehmerzahl k\u00f6nnen Sie uns bis zu 3 Tage vor dem Abreisetermin mitteilen. Diese Anzahl ist als Mindestanzahl f\u00fcr die Endabrechnung verbindlich.  <\/p>\n<p><strong>Einsatz von Schaluppen<\/strong><\/p>\n<p>Wir behalten uns das Recht vor, die Schaluppen selbst zu organisieren. Dabei ber\u00fccksichtigen wir die Gr\u00f6\u00dfe Ihrer Gruppe und die Anfragen, die wir erhalten. Alle unsere Boote k\u00f6nnen im Falle von Regen \u00fcberdacht werden.  <\/p>\n<p><strong>Haftung<\/strong><br \/>\nVaren in Utrecht.nl kann nicht haftbar gemacht werden f\u00fcr Personen- oder Sachsch\u00e4den jeglicher Art, unabh\u00e4ngig von der Ursache, vor, w\u00e4hrend oder als Folge der Reise. Ausgenommen hiervon ist die gesetzliche Verpflichtung zur Zahlung von Schadenersatz aufgrund von nachweislichem Vorsatz oder grober Fahrl\u00e4ssigkeit von Varen in Utrecht.nl. Die gesetzliche Entsch\u00e4digung ist auf einen H\u00f6chstbetrag in H\u00f6he der Bootsmiete der betreffenden Kreuzfahrt begrenzt. Kinder sind in der Verantwortung der Eltern.   <\/p>\n<p><strong>Zahlung<\/strong><br \/>\nDie Bootsmiete muss sp\u00e4testens 10 Tage vor dem Abfahrtstermin per \u00dcberweisung auf unser ING-Konto bezahlt werden. Wenn Sie weniger sind und uns rechtzeitig informieren, werden wir Ihnen den Betrag auf Ihr Konto zur\u00fcckerstatten. Sie k\u00f6nnen uns bis zu 3 Tage vor dem T\u00f6rntermin per E-Mail \u00fcber diese \u00c4nderung informieren. Die Bootsmiete muss vor der Abfahrt per \u00dcberweisung auf unser Bankkonto bezahlt werden.   <\/p>\n<p><strong>Preis\u00e4nderungen<br class=\"clear\"><\/strong>Preis\u00e4nderungen, die zwischen dem Zeitpunkt des Vertragsabschlusses und dem Zeitpunkt der Ausf\u00fchrung des Vertrags eintreten, haben keinen Einfluss auf den vereinbarten Preis.<\/p>\n<p><strong>Stornierung<\/strong><br \/>\nDer Kunde kann die Auftragsbest\u00e4tigung durch schriftliche und datierte Mitteilung an Varen in Utrecht.nl stornieren. Bei einer Stornierung mehr als 1 Monat vor dem Abfahrtstermin schulden Sie 25% der gesamten Bootsmiete, innerhalb eines Monats 50%. Wenn Sie innerhalb von 14 Tagen vor der Abfahrt stornieren, m\u00fcssen Sie den gesamten Mietpreis bezahlen. Bei sehr schlechten Wetterbedingungen, d.h. Sturm in Verbindung mit anhaltenden starken Regenf\u00e4llen, fallen keine Stornierungsgeb\u00fchren an. Wir k\u00f6nnen uns dann auf einen neuen Termin einigen.    <\/p>\n<p><strong>Sicherheit<\/strong><br \/>\nW\u00e4hrend der Kreuzfahrt beh\u00e4lt sich der Skipper das Recht vor, die Kreuzfahrt zu unterbrechen und\/oder von der vereinbarten Route abzuweichen, wenn seiner Meinung nach unverantwortliche\/unsichere Situationen entstehen oder wenn der Skipper nicht gem\u00e4\u00df den Bedingungen handelt. Die Verwendung von Konfetti, Feuerwerk, Reis usw. ist an Bord nicht erlaubt. Es d\u00fcrfen keine Abf\u00e4lle \u00fcber Bord geworfen werden.  <\/p>\n<p><strong>Alkohol an Bord<\/strong><br \/>\nPersonen, die zu Beginn der Reise unter Alkoholeinfluss stehen, wird der Zugang zum Boot verweigert. Bei Fehlverhalten, ob durch Alkoholkonsum verursacht oder nicht, hat der Skipper das Recht, die Fahrt zu unterbrechen oder sofort zu beenden, ohne die Bootsmiete oder die Kosten f\u00fcr ein Arrangement an Bord zu erstatten. Die Verhaltensregeln auf dem Wasser der Gemeinde Utrecht gelten f\u00fcr alle unsere Fahrten. Das Urinieren in der \u00d6ffentlichkeit ist strengstens untersagt. Ohne weitere Warnung wird die Fahrt sofort abgebrochen.    <\/p>\n<p><em>Allgemeine Gesch\u00e4ftsbedingungen VareninUtrecht.nl - K.v.K. Utrecht Nr.: 30185121<\/em><\/p>\n<p>Siehe auch die <a href=\"https:\/\/varen.dividiva.nl\/wp-content\/uploads\/Gedragsregels-rederijen-2023_NL.pdf\" target=\"_blank\" rel=\"noopener noreferrer\">Verhaltensregeln<\/a> (PDF) der gemeinsamen Schifffahrtsgesellschaften.[\/et_pb_text][\/et_pb_column][et_pb_column type=&#8220;1_3&#8243; _builder_version=&#8220;4.16&#8243; custom_padding=&#8220;|||&#8220; global_colors_info=&#8220;{}&#8220; custom_padding__hover=&#8220;|||&#8220; theme_builder_area=&#8220;post_content&#8220;][et_pb_image src=&#8220;https:\/\/vareninutrecht.nl\/wp-content\/uploads\/gedragsregels-op-het-water-varen-in-Utrecht-e1680776301925.png&#8220; alt=&#8220;Verhaltensregeln auf dem Wasser - Bootfahren in Utrecht&#8220; title_text=&#8220;Verhaltensregeln auf dem Wasser - Bootfahren in Utrecht&#8220; url=&#8220;https:\/\/varen.dividiva.nl\/faq\/&#8220; _builder_version=&#8220;4.20.2&#8243; _module_preset=&#8220;default&#8220; global_colors_info=&#8220;{}&#8220; theme_builder_area=&#8220;post_content&#8220;][\/et_pb_image][et_pb_button button_url=&#8220;https:\/\/vareninutrecht.nl\/algemene-voorwaarden\/&#8220; button_text=&#8220;Download der Verhaltensregeln (NL)&#8220; button_alignment=&#8220;center&#8220; _builder_version=&#8220;4.20.2&#8243; _module_preset=&#8220;default&#8220; locked=&#8220;off&#8220; global_colors_info=&#8220;{}&#8220; theme_builder_area=&#8220;post_content&#8220;][\/et_pb_button][et_pb_button button_url=&#8220;https:\/\/varen.dividiva.nl\/wp-content\/uploads\/Gedragsregels-rederijen-2023_ENG.pdf&#8220; button_text=&#8220;Verhaltensregeln auf dem Wasser (DE)&#8220; button_alignment=&#8220;center&#8220; _builder_version=&#8220;4.20.2&#8243; _module_preset=&#8220;default&#8220; locked=&#8220;off&#8220; global_colors_info=&#8220;{}&#8220; theme_builder_area=&#8220;post_content&#8220;][\/et_pb_button][et_pb_button button_url=&#8220;https:\/\/rondvaartutrecht.nl\/faq\/&#8220; button_text=&#8220;H\u00e4ufig gestellte Fragen&#8220; button_alignment=&#8220;center&#8220; _builder_version=&#8220;4.20.2&#8243; _module_preset=&#8220;default&#8220; locked=&#8220;off&#8220; global_colors_info=&#8220;{}&#8220; theme_builder_area=&#8220;post_content&#8220;][\/et_pb_button][et_pb_button button_url=&#8220;\/aanvraag&#8220; button_text=&#8220;Unverbindliche Anfrage f\u00fcr ein Boot&#8220; button_alignment=&#8220;center&#8220; _builder_version=&#8220;4.20.2&#8243; _module_preset=&#8220;default&#8220; locked=&#8220;off&#8220; global_colors_info=&#8220;{}&#8220; theme_builder_area=&#8220;post_content&#8220;][\/et_pb_button][\/et_pb_column][\/et_pb_row][\/et_pb_section]<\/p>\n","protected":false},"excerpt":{"rendered":"<p>Anzahl der Personen Sie k\u00f6nnen uns die Anzahl der Personen\/Teilnehmer bis zu 10 Tage vor dem Datum der Kreuzfahrt mitteilen. Geringf\u00fcgige \u00c4nderungen von bis zu 10% der uns bekannten Personenzahl\/Teilnehmerzahl k\u00f6nnen Sie uns bis zu 3 Tage vor dem Abreisetermin mitteilen. Diese Anzahl ist als Mindestanzahl f\u00fcr die Endabrechnung verbindlich. Einsatz von Schaluppen Wir behalten [&hellip;]<\/p>\n","protected":false},"author":1,"featured_media":0,"parent":0,"menu_order":2,"comment_status":"closed","ping_status":"closed","template":"","meta":{"_et_pb_use_builder":"on","_et_pb_old_content":"","_et_gb_content_width":"","footnotes":""},"class_list":["post-1380122","page","type-page","status-publish","hentry"],"_links":{"self":[{"href":"https:\/\/rondvaartutrecht.nl\/de\/wp-json\/wp\/v2\/pages\/1380122","targetHints":{"allow":["GET"]}}],"collection":[{"href":"https:\/\/rondvaartutrecht.nl\/de\/wp-json\/wp\/v2\/pages"}],"about":[{"href":"https:\/\/rondvaartutrecht.nl\/de\/wp-json\/wp\/v2\/types\/page"}],"author":[{"embeddable":true,"href":"https:\/\/rondvaartutrecht.nl\/de\/wp-json\/wp\/v2\/users\/1"}],"replies":[{"embeddable":true,"href":"https:\/\/rondvaartutrecht.nl\/de\/wp-json\/wp\/v2\/comments?post=1380122"}],"version-history":[{"count":0,"href":"https:\/\/rondvaartutrecht.nl\/de\/wp-json\/wp\/v2\/pages\/1380122\/revisions"}],"wp:attachment":[{"href":"https:\/\/rondvaartutrecht.nl\/de\/wp-json\/wp\/v2\/media?parent=1380122"}],"curies":[{"name":"wp","href":"https:\/\/api.w.org\/{rel}","templated":true}]}}