{"id":1380109,"date":"2018-04-16T10:35:17","date_gmt":"2018-04-16T10:35:17","guid":{"rendered":"https:\/\/rondvaartutrecht.nl\/umwelt-nachhaltigkeit\/"},"modified":"2025-04-03T15:43:49","modified_gmt":"2025-04-03T15:43:49","slug":"umwelt-nachhaltigkeit","status":"publish","type":"page","link":"https:\/\/rondvaartutrecht.nl\/de\/umwelt-nachhaltigkeit\/","title":{"rendered":"Umwelt &amp; Nachhaltigkeit"},"content":{"rendered":"<p>[et_pb_section fb_built=&#8220;1&#8243; _builder_version=&#8220;4.16&#8243; global_colors_info=&#8220;{}&#8220; theme_builder_area=&#8220;post_content&#8220;][et_pb_row column_structure=&#8220;2_3,1_3&#8243; _builder_version=&#8220;4.16&#8243; background_size=&#8220;initial&#8220; background_position=&#8220;top_left&#8220; background_repeat=&#8220;repeat&#8220; global_colors_info=&#8220;{}&#8220; theme_builder_area=&#8220;post_content&#8220;][et_pb_column type=&#8220;2_3&#8243; _builder_version=&#8220;4.16&#8243; custom_padding=&#8220;|||&#8220; global_colors_info=&#8220;{}&#8220; custom_padding__hover=&#8220;|||&#8220; theme_builder_area=&#8220;post_content&#8220;][et_pb_post_title meta=&#8220;off&#8220; featured_image=&#8220;off&#8220; _builder_version=&#8220;4.20.2&#8243; _module_preset=&#8220;default&#8220; global_colors_info=&#8220;{}&#8220; theme_builder_area=&#8220;post_content&#8220;][\/et_pb_post_title][et_pb_text _builder_version=&#8220;4.20.2&#8243; background_size=&#8220;initial&#8220; background_position=&#8220;top_left&#8220; background_repeat=&#8220;repeat&#8220; global_colors_info=&#8220;{}&#8220; theme_builder_area=&#8220;post_content&#8220;]<\/p>\n<h2><strong>  Segeln in Utrecht soll immer nachhaltiger werden<\/strong><\/h2>\n<p>Heutzutage ist Nachhaltigkeit in unserer Umwelt undenkbar. Auch wir halten es f\u00fcr wichtig, dass jeder seinen Teil dazu beitr\u00e4gt. <\/p>\n<ul class=\"bullet_check\">\n<li>Wir servieren Earth Water an Bord, wodurch wir PET-Plastikflaschen (einer der gr\u00f6\u00dften Verschmutzer von Oberfl\u00e4chenwasser) vollst\u00e4ndig ersetzen konnten. In unserem Sortiment finden Sie dieses niederl\u00e4ndische Mineralwasser in einer innovativen Kartonverpackung. Die Verpackung besteht zu 100% aus nachwachsenden Rohstoffen und ist die nachhaltigste Verpackung. Der Erl\u00f6s aus dem Verkauf wird zur Finanzierung verschiedener Wasserprojekte verwendet.   <\/li>\n<li>In unserem B\u00fcro sind die Toiletten mit wassersparenden Toilettensp\u00fclk\u00e4sten ausgestattet. Der Benutzer kann die Sp\u00fclung anhalten und steuern, wie viel Wasser f\u00fcr eine ordnungsgem\u00e4\u00dfe Sp\u00fclung ben\u00f6tigt wird. Im Durchschnitt spart dieser Wasserstopp 50% Wasser.  <\/li>\n<li>Wir versuchen, so viel wie m\u00f6glich digital zu arbeiten und so wenig wie m\u00f6glich auszudrucken. Unsere Verwaltung ist jetzt zu 90% digitalisiert. Wir bitten unsere Kunden, die Buchungsbest\u00e4tigung am Segeltag vorzugsweise digital (per Smartphone) zur Verf\u00fcgung zu haben.  <\/li>\n<li>Bei uns an Bord trinken Sie aus einem Glas, dadurch konnten wir Plastikbecher ersetzen.<\/li>\n<li>Wir haben weiter damit begonnen, unsere Flotte umweltfreundlicher zu gestalten. Wir haben jetzt das erste dieselbetriebene Kanalboot durch ein neues, elektrisch betriebenes Kanalboot ersetzt. Wir pr\u00fcfen auch die M\u00f6glichkeit, bei einer Reihe von Booten nur die Motoren auszutauschen und ein Batteriepaket zu installieren, um die Umwelt weiter zu schonen.  <\/li>\n<li>Wir haben eine Studie gestartet, um unsere Passagierschiffe mit blauem Diesel zu betreiben. Blauer Diesel wird aus pflanzlichen Alt\u00f6len hergestellt, die zu den erneuerbaren Ressourcen geh\u00f6ren. Eine gro\u00dfartige Entwicklung und Zwischenl\u00f6sung, wie wir finden. Die Verwendung von blauem Diesel reduziert den Abfall, ist biologisch abbaubar, emissionsarm, fossilfrei und CO2-neutral.   <\/li>\n<li>Wir arbeiten mit lokalen Unternehmen zusammen. Denken Sie an ein Geb\u00e4ck aus der Utrechter Konditorei Theo Blom oder der Bakkerij Wammes, einen Wein aus dem \u00f6rtlichen Weingut und Snacks von unserem Caterer und ebenfalls Nachbarn an der Oudegracht. <\/li>\n<\/ul>\n<p>[\/et_pb_text][\/et_pb_column][et_pb_column type=&#8220;1_3&#8243; _builder_version=&#8220;4.16&#8243; custom_padding=&#8220;|||&#8220; global_colors_info=&#8220;{}&#8220; custom_padding__hover=&#8220;|||&#8220; theme_builder_area=&#8220;post_content&#8220;][et_pb_image src=&#8220;https:\/\/vareninutrecht.nl\/wp-content\/uploads\/foto-producten-tetra-450x350px.jpg&#8220; alt=&#8220;Segeln in Utrecht&#8220; title_text=&#8220;Earth Water &#8211; Segeln in Utrecht&#8220; _builder_version=&#8220;4.20.2&#8243; _module_preset=&#8220;default&#8220; custom_margin=&#8220;||-2px|||&#8220; global_colors_info=&#8220;{}&#8220; theme_builder_area=&#8220;post_content&#8220;][\/et_pb_image][et_pb_filterable_portfolio posts_number=&#8220;6&#8243; show_categories=&#8220;off&#8220; _builder_version=&#8220;4.20.2&#8243; _module_preset=&#8220;default&#8220; title_text_align=&#8220;center&#8220; title_text_color=&#8220;#454545&#8243; title_font_size=&#8220;14px&#8220; title_line_height=&#8220;1.4em&#8220; background_color=&#8220;RGBA(255,255,255,0)&#8220; global_colors_info=&#8220;{}&#8220; theme_builder_area=&#8220;post_content&#8220;][\/et_pb_filterable_portfolio][\/et_pb_column][\/et_pb_row][\/et_pb_section]<\/p>\n","protected":false},"excerpt":{"rendered":"<p>Segeln in Utrecht soll immer nachhaltiger werden Heutzutage ist Nachhaltigkeit in unserer Umwelt undenkbar. Auch wir halten es f\u00fcr wichtig, dass jeder seinen Teil dazu beitr\u00e4gt. Wir servieren Earth Water an Bord, wodurch wir PET-Plastikflaschen (einer der gr\u00f6\u00dften Verschmutzer von Oberfl\u00e4chenwasser) vollst\u00e4ndig ersetzen konnten. In unserem Sortiment finden Sie dieses niederl\u00e4ndische Mineralwasser in einer innovativen [&hellip;]<\/p>\n","protected":false},"author":1,"featured_media":0,"parent":0,"menu_order":0,"comment_status":"closed","ping_status":"closed","template":"","meta":{"_et_pb_use_builder":"on","_et_pb_old_content":"","_et_gb_content_width":"","footnotes":""},"class_list":["post-1380109","page","type-page","status-publish","hentry"],"_links":{"self":[{"href":"https:\/\/rondvaartutrecht.nl\/de\/wp-json\/wp\/v2\/pages\/1380109","targetHints":{"allow":["GET"]}}],"collection":[{"href":"https:\/\/rondvaartutrecht.nl\/de\/wp-json\/wp\/v2\/pages"}],"about":[{"href":"https:\/\/rondvaartutrecht.nl\/de\/wp-json\/wp\/v2\/types\/page"}],"author":[{"embeddable":true,"href":"https:\/\/rondvaartutrecht.nl\/de\/wp-json\/wp\/v2\/users\/1"}],"replies":[{"embeddable":true,"href":"https:\/\/rondvaartutrecht.nl\/de\/wp-json\/wp\/v2\/comments?post=1380109"}],"version-history":[{"count":0,"href":"https:\/\/rondvaartutrecht.nl\/de\/wp-json\/wp\/v2\/pages\/1380109\/revisions"}],"wp:attachment":[{"href":"https:\/\/rondvaartutrecht.nl\/de\/wp-json\/wp\/v2\/media?parent=1380109"}],"curies":[{"name":"wp","href":"https:\/\/api.w.org\/{rel}","templated":true}]}}