{"id":1380046,"date":"2025-04-01T12:20:50","date_gmt":"2025-04-01T12:20:50","guid":{"rendered":"https:\/\/rondvaartutrecht.nl\/informationen\/"},"modified":"2025-04-03T15:42:48","modified_gmt":"2025-04-03T15:42:48","slug":"informationen","status":"publish","type":"page","link":"https:\/\/rondvaartutrecht.nl\/de\/informationen\/","title":{"rendered":"Informationen"},"content":{"rendered":"<p>[et_pb_section fb_built=&#8220;1&#8243; theme_builder_area=&#8220;post_content&#8220; _builder_version=&#8220;4.27.4&#8243; _module_preset=&#8220;default&#8220;][et_pb_row _builder_version=&#8220;4.27.4&#8243; _module_preset=&#8220;default&#8220; theme_builder_area=&#8220;post_content&#8220; column_structure=&#8220;2_5,3_5&#8243;][et_pb_column _builder_version=&#8220;4.27.4&#8243; _module_preset=&#8220;default&#8220; type=&#8220;2_5&#8243; theme_builder_area=&#8220;post_content&#8220;][et_pb_image src=&#8220;https:\/\/rondvaartutrecht.nl\/wp-content\/uploads\/2025\/03\/Rondvaart-in-Utrecht-.jpg&#8220; _builder_version=&#8220;4.27.4&#8243; _module_preset=&#8220;default&#8220; theme_builder_area=&#8220;post_content&#8220; title_text=&#8220;Grachtenfahrt in Utrecht&#8220; hover_enabled=&#8220;0&#8243; sticky_enabled=&#8220;0&#8243; border_radii=&#8220;on|10px|10px|10px|10px&#8220;][\/et_pb_image][\/et_pb_column][et_pb_column _builder_version=&#8220;4.27.4&#8243; _module_preset=&#8220;default&#8220; type=&#8220;3_5&#8243; theme_builder_area=&#8220;post_content&#8220;][et_pb_text _builder_version=&#8220;4.27.4&#8243; _module_preset=&#8220;default&#8220; theme_builder_area=&#8220;post_content&#8220; hover_enabled=&#8220;0&#8243; sticky_enabled=&#8220;0&#8243;]<\/p>\n<p>&nbsp;<\/p>\n<p>&nbsp;<\/p>\n<p>&nbsp;<\/p>\n<p>Viele der Informationen, die Sie suchen, finden Sie in unserem Informationsmen\u00fc und auf unserer FAQ-Seite, die wir Sie bitten, sorgf\u00e4ltig zu lesen. Wenn Sie noch Fragen haben, k\u00f6nnen Sie uns gerne kontaktieren.   <\/p>\n<p>[\/et_pb_text][\/et_pb_column][\/et_pb_row][\/et_pb_section]<\/p>\n","protected":false},"excerpt":{"rendered":"<p>&nbsp; &nbsp; &nbsp; Viele der Informationen, die Sie suchen, finden Sie in unserem Informationsmen\u00fc und auf unserer FAQ-Seite, die wir Sie bitten, sorgf\u00e4ltig zu lesen. Wenn Sie noch Fragen haben, k\u00f6nnen Sie uns gerne kontaktieren.<\/p>\n","protected":false},"author":2,"featured_media":0,"parent":0,"menu_order":0,"comment_status":"closed","ping_status":"closed","template":"","meta":{"_et_pb_use_builder":"on","_et_pb_old_content":"","_et_gb_content_width":"","footnotes":""},"class_list":["post-1380046","page","type-page","status-publish","hentry"],"_links":{"self":[{"href":"https:\/\/rondvaartutrecht.nl\/de\/wp-json\/wp\/v2\/pages\/1380046","targetHints":{"allow":["GET"]}}],"collection":[{"href":"https:\/\/rondvaartutrecht.nl\/de\/wp-json\/wp\/v2\/pages"}],"about":[{"href":"https:\/\/rondvaartutrecht.nl\/de\/wp-json\/wp\/v2\/types\/page"}],"author":[{"embeddable":true,"href":"https:\/\/rondvaartutrecht.nl\/de\/wp-json\/wp\/v2\/users\/2"}],"replies":[{"embeddable":true,"href":"https:\/\/rondvaartutrecht.nl\/de\/wp-json\/wp\/v2\/comments?post=1380046"}],"version-history":[{"count":0,"href":"https:\/\/rondvaartutrecht.nl\/de\/wp-json\/wp\/v2\/pages\/1380046\/revisions"}],"wp:attachment":[{"href":"https:\/\/rondvaartutrecht.nl\/de\/wp-json\/wp\/v2\/media?parent=1380046"}],"curies":[{"name":"wp","href":"https:\/\/api.w.org\/{rel}","templated":true}]}}