{"id":1380038,"date":"2015-04-30T16:32:47","date_gmt":"2015-04-30T16:32:47","guid":{"rendered":"https:\/\/rondvaartutrecht.nl\/wegbeschreibung\/"},"modified":"2025-04-03T15:42:07","modified_gmt":"2025-04-03T15:42:07","slug":"wegbeschreibung","status":"publish","type":"page","link":"https:\/\/rondvaartutrecht.nl\/de\/wegbeschreibung\/","title":{"rendered":"Wegbeschreibung"},"content":{"rendered":"\n[et_pb_section fb_built=&#8220;1&#8243; fullwidth=&#8220;on&#8220; _builder_version=&#8220;4.20.2&#8243; _module_preset=&#8220;default&#8220; global_colors_info=&#8220;{}&#8220; theme_builder_area=&#8220;post_content&#8220;][et_pb_fullwidth_code _builder_version=&#8220;4.20.2&#8243; _module_preset=&#8220;default&#8220; global_colors_info=&#8220;{}&#8220; theme_builder_area=&#8220;post_content&#8220;]<iframe src=\"https:\/\/www.google.com\/maps\/embed?pb=!1m14!1m8!1m3!1d9805.94613319237!2d5.12089!3d52.0890764!3m2!1i1024!2i768!4f13.1!3m3!1m2!1s0x47c66f5a92dcbc2d%3A0xba6f1e8d1b7f1d1f!2sVaren%20in%20Utrecht!5e0!3m2!1snl!2snl!4v1680612682509!5m2!1snl!2snl\" width=\"1920\" height=\"350\" style=\"border:0;\" allowfullscreen=\"\" loading=\"lazy\" referrerpolicy=\"no-referrer-when-downgrade\"><\/iframe>[\/et_pb_fullwidth_code][\/et_pb_section][et_pb_section fb_built=&#8220;1&#8243; _builder_version=&#8220;4.20.2&#8243; background_color=&#8220;#DDF3FC&#8220; global_colors_info=&#8220;{}&#8220; theme_builder_area=&#8220;post_content&#8220;][et_pb_row column_structure=&#8220;3_4,1_4&#8243; _builder_version=&#8220;4.16&#8243; background_size=&#8220;initial&#8220; background_position=&#8220;top_left&#8220; background_repeat=&#8220;repeat&#8220; global_colors_info=&#8220;{}&#8220; theme_builder_area=&#8220;post_content&#8220;][et_pb_column type=&#8220;3_4&#8243; _builder_version=&#8220;4.16&#8243; custom_padding=&#8220;|||&#8220; global_colors_info=&#8220;{}&#8220; custom_padding__hover=&#8220;|||&#8220; theme_builder_area=&#8220;post_content&#8220;][et_pb_text _builder_version=&#8220;4.20.2&#8243; background_size=&#8220;initial&#8220; background_position=&#8220;top_left&#8220; background_repeat=&#8220;repeat&#8220; global_colors_info=&#8220;{}&#8220; theme_builder_area=&#8220;post_content&#8220;]<p>Eine Wegbeschreibung zu VareninUtrecht.nl finden Sie unten oder planen Sie Ihre Route <a href=\"https:\/\/www.google.nl\/maps\/dir\/\/Interparking+-+Springweg,+Strosteeg+83,+3510+VK+Utrecht\/@52.0885301,5.1199007,19z\/data=!4m13!1m4!3m3!1s0x47c66f5afbf5e4bb:0x9f026bf4635fd31a!2sInterparking+-+Springweg!3b1!4m7!1m0!1m5!1m1!1s0x47c66f5afbf5e4bb:0x9f026bf4635fd31a!2m2!1d5.119783!2d52.088729\" target=\"_blank\" rel=\"noopener\">zum Springweg-Parkplatz mit Google Maps<\/a>. Von der R\u00fcckseite des Parkplatzes aus k\u00f6nnen Sie unter den Geb\u00e4uden der Oudegracht hindurchgehen.<\/p>\n<p><strong>Von der Autobahn A2 in Richtung Utrecht<\/strong><\/p>\n<p>- Nehmen Sie die Ausfahrt 8 &#8218;Centrum<br>- Oben an der Ausfahrt biegen Sie an der Ampel in Richtung &#8218;Centrum&#8216; ab.<br>- Am Kreisverkehr fahren Sie geradeaus und halten sich an &#8218;Centrum&#8216;.<br>- Sie fahren an der Jaarbeurs vorbei<br>- Unter dem Eisenbahnviadukt biegen Sie rechts ab in Richtung &#8218;Centrum&#8216;.<br>- Halten Sie sich auf der rechten Spur, Sie fahren oben entlang und nicht unter den Traversen von Hoog Catharijne<br>- Biegen Sie an der 2. Ampel links ab, Richtung Mariaplaats<br>- Am Ende folgen Sie der Kurve nach rechts, Richtung Springweg<br>- Halten Sie sich an die Schilder zum Springweg, wo Sie Ihr Auto parken k\u00f6nnen<br>- Auf der R\u00fcckseite des Parkplatzes k\u00f6nnen Sie unter den Geb\u00e4uden der Oudegracht hindurchgehen.<br>- Nehmen Sie die erste Treppe nach unten, um zur Rahnebene zu gelangen (Startpunkt der Schaluppe)<\/p>\n<p><strong>Von der A28 in Richtung Utrecht  <\/strong><\/p>\n<p>- Folgen Sie &#8218;Centrum&#8216; (A28)<br>- Am Ende der A28 biegen Sie an der Ampel links ab.<br>- Nehmen Sie die erste Ausfahrt &#8218;Stadium&#8216;.<br>- Am Ende der Ausfahrt biegen Sie an der Ampel rechts ab &#8218;Centrum&#8216;.<br>- Fahren Sie bis zur T-Kreuzung, biegen Sie hier links ab &#8218;Centrum-West&#8216;.<br>- Folgen Sie den Schildern &#8218;Durchgangsverkehr&#8216;.<br>- Biegen Sie an der Ampel rechts ab &#8218;Centrum-West\/Maarssen&#8216;, Sie befinden sich jetzt auf dem Catharijnesingel<br>- Auf dem Catharijnesingel biegen Sie an der 4. Ampel rechts ab auf den Mariaplaats<br>- Am Ende folgen Sie der Kurve nach rechts, Richtung Springweg.<br>- Halten Sie sich an die Beschilderung des Springwegs, wo Sie Ihr Auto parken k\u00f6nnen<br>- Von der R\u00fcckseite des Parkplatzes aus k\u00f6nnen Sie unter den Geb\u00e4uden der Oudegracht hindurchgehen<br>- Nehmen Sie die erste Treppe nach unten, um zur Rahnebene zu gelangen (Startpunkt der Schaluppe)<\/p>\n<p><strong>Von der A12 in Richtung Utrecht  <\/strong><\/p>\n<p>- Folgen Sie &#8218;Jaarbeurs- Zuid&#8216;.<br>- Sie nehmen die Ausfahrt 17 &#8218;Kanaleneiland&#8216;.<br>- Am Ende der Ausfahrt folgen Sie wieder dem &#8218;Kanaleneiland&#8216;.<br>- Folgen Sie den Schildern &#8218;Jaarbeurs&#8216;.<br>- Am ersten Kreisverkehr biegen Sie rechts ab in Richtung &#8218;Hoograven\/Lunetten&#8216;.<br>- Vor der zweiten Br\u00fccke (gelbes\/blaues Gel\u00e4nder) biegen Sie links ab auf den Jutfaseweg<br>- Folgen Sie der Stra\u00dfe und biegen Sie an der 2. Ampel links ab.<br>- Sofort wieder rechts unter dem Eisenbahnviadukt hindurch, Richtung &#8218;Centrum&#8216;.<br>- An der 2. Ampel biegen Sie links ab, Sie befinden sich jetzt auf dem Catharijnesingel<br>- Auf dem Catharijnesingel biegen Sie an der 4. Ampel rechts ab auf den Mariaplaats<br>- Am Ende folgen Sie der Kurve nach rechts in Richtung Springweg<br>- Folgen Sie den Schildern zum Springweg, wo Sie Ihr Auto parken k\u00f6nnen<br>- Von der R\u00fcckseite des Parkplatzes k\u00f6nnen Sie unter den Geb\u00e4uden an der Oudegracht hindurchgehen.<br>- Nehmen Sie die erste Treppe nach unten, um zur Rahnebene zu gelangen (Startpunkt der Schaluppe)<\/p>[\/et_pb_text][\/et_pb_column][et_pb_column type=&#8220;1_4&#8243; _builder_version=&#8220;4.16&#8243; custom_padding=&#8220;|||&#8220; global_colors_info=&#8220;{}&#8220; custom_padding__hover=&#8220;|||&#8220; theme_builder_area=&#8220;post_content&#8220;][et_pb_sidebar _builder_version=&#8220;4.20.2&#8243; _module_preset=&#8220;default&#8220; global_colors_info=&#8220;{}&#8220; theme_builder_area=&#8220;post_content&#8220;][\/et_pb_sidebar][\/et_pb_column][\/et_pb_row][\/et_pb_section]\n","protected":false},"excerpt":{"rendered":"<p>Eine Wegbeschreibung zu VareninUtrecht.nl finden Sie unten oder planen Sie Ihre Route zum Springweg-Parkplatz mit Google Maps. Von der R\u00fcckseite des Parkplatzes aus k\u00f6nnen Sie unter den Geb\u00e4uden der Oudegracht hindurchgehen. Von der Autobahn A2 in Richtung Utrecht - Nehmen Sie die Ausfahrt 8 &#8218;Centrum- Oben an der Ausfahrt biegen Sie an der Ampel in [&hellip;]<\/p>\n","protected":false},"author":1,"featured_media":0,"parent":0,"menu_order":0,"comment_status":"closed","ping_status":"closed","template":"","meta":{"_et_pb_use_builder":"on","_et_pb_old_content":"","_et_gb_content_width":"","footnotes":""},"class_list":["post-1380038","page","type-page","status-publish","hentry"],"_links":{"self":[{"href":"https:\/\/rondvaartutrecht.nl\/de\/wp-json\/wp\/v2\/pages\/1380038","targetHints":{"allow":["GET"]}}],"collection":[{"href":"https:\/\/rondvaartutrecht.nl\/de\/wp-json\/wp\/v2\/pages"}],"about":[{"href":"https:\/\/rondvaartutrecht.nl\/de\/wp-json\/wp\/v2\/types\/page"}],"author":[{"embeddable":true,"href":"https:\/\/rondvaartutrecht.nl\/de\/wp-json\/wp\/v2\/users\/1"}],"replies":[{"embeddable":true,"href":"https:\/\/rondvaartutrecht.nl\/de\/wp-json\/wp\/v2\/comments?post=1380038"}],"version-history":[{"count":0,"href":"https:\/\/rondvaartutrecht.nl\/de\/wp-json\/wp\/v2\/pages\/1380038\/revisions"}],"wp:attachment":[{"href":"https:\/\/rondvaartutrecht.nl\/de\/wp-json\/wp\/v2\/media?parent=1380038"}],"curies":[{"name":"wp","href":"https:\/\/api.w.org\/{rel}","templated":true}]}}