{"id":1380030,"date":"2023-04-11T16:20:41","date_gmt":"2023-04-11T16:20:41","guid":{"rendered":"https:\/\/rondvaartutrecht.nl\/schiffsanleger\/"},"modified":"2025-04-03T15:41:42","modified_gmt":"2025-04-03T15:41:42","slug":"schiffsanleger","status":"publish","type":"page","link":"https:\/\/rondvaartutrecht.nl\/de\/schiffsanleger\/","title":{"rendered":"Schiffsanleger"},"content":{"rendered":"<p>[et_pb_section fb_built=&#8220;1&#8243; admin_label=&#8220;section&#8220; _builder_version=&#8220;4.16&#8243; global_colors_info=&#8220;{}&#8220;][et_pb_row column_structure=&#8220;2_5,3_5&#8243; admin_label=&#8220;Zeile&#8220; _builder_version=&#8220;4.16&#8243; background_size=&#8220;initial&#8220; background_position=&#8220;top_left&#8220; background_repeat=&#8220;repeat&#8220; global_colors_info=&#8220;{}&#8220;][et_pb_column type=&#8220;2_5&#8243; _builder_version=&#8220;4.16&#8243; custom_padding=&#8220;|||&#8220; global_colors_info=&#8220;{}&#8220; custom_padding__hover=&#8220;|||&#8220;][et_pb_image src=&#8220;https:\/\/rondvaartutrecht.nl\/wp-content\/uploads\/2025\/04\/Afvaartsteiger.jpg&#8220; _builder_version=&#8220;4.27.4&#8243; _module_preset=&#8220;default&#8220; title_text=&#8220;Schiffsanleger&#8220; border_radii=&#8220;on|10px|10px|10px|10px&#8220; hover_enabled=&#8220;0&#8243; sticky_enabled=&#8220;0&#8243;][\/et_pb_image][\/et_pb_column][et_pb_column type=&#8220;3_5&#8243; _builder_version=&#8220;4.16&#8243; custom_padding=&#8220;|||&#8220; global_colors_info=&#8220;{}&#8220; custom_padding__hover=&#8220;|||&#8220;][et_pb_post_title meta=&#8220;off&#8220; featured_image=&#8220;off&#8220; _builder_version=&#8220;4.27.4&#8243; _module_preset=&#8220;default&#8220; hover_enabled=&#8220;0&#8243; global_colors_info=&#8220;{}&#8220; sticky_enabled=&#8220;0&#8243;][\/et_pb_post_title][et_pb_text admin_label=&#8220;Text&#8220; _builder_version=&#8220;4.20.2&#8243; background_size=&#8220;initial&#8220; background_position=&#8220;top_left&#8220; background_repeat=&#8220;repeat&#8220; global_colors_info=&#8220;{}&#8220;]<\/p>\n<p>Der Segelanleger befindet sich an der Oudegracht (Tolsteegzijde) vor der Hausnummer 175 am Kai. Die Gaardbrug befindet sich nur einen Steinwurf vom Domturm entfernt am Ende des Linienmarktes, mitten im Herzen der mittelalterlichen Stadt und des Museumsviertels. Gegen\u00fcber von Dille &amp; Kamille gehen Sie die wei\u00dfe Treppe hinunter.    <\/p>\n<p>An der Anlegestelle verf\u00fcgen wir \u00fcber einen eigenen Anlegekeller und Toiletten, die Sie bei Bedarf nutzen k\u00f6nnen, bevor Sie das Boot besteigen.<\/p>\n<p>Sie k\u00f6nnen auf dem \u00fcberdachten Springweg-Parkplatz am Strosteeg 83 parken, direkt neben unserer Bootsanlegestelle. Das Parkhaus ist Tag und Nacht ge\u00f6ffnet. Informationen zu den Tarifen finden Sie auf der <a href=\"http:\/\/www.interparking.nl\/find-parking\/Springweg\/\" target=\"_blank\" rel=\"noopener\">Website des Springweg-Parkplatzes<\/a>.  <\/p>\n<p>Lassen Sie sich <a href=\"https:\/\/varen.dividiva.nl\/routebeschrijving\/\" target=\"_blank\" rel=\"noopener\">eine Wegbeschreibung<\/a> anzeigen oder berechnen Sie Ihre pers\u00f6nliche Route zum Parkplatz Spingweg mit <a href=\"https:\/\/www.google.nl\/maps\/dir\/\/Interparking+-+Springweg,+Strosteeg+83,+3510+VK+Utrecht\/@52.0885301,5.1199007,19z\/data=!4m13!1m4!3m3!1s0x47c66f5afbf5e4bb:0x9f026bf4635fd31a!2sInterparking+-+Springweg!3b1!4m7!1m0!1m5!1m1!1s0x47c66f5afbf5e4bb:0x9f026bf4635fd31a!2m2!1d5.119783!2d52.088729\" target=\"_blank\" rel=\"noopener\">Google Maps<\/a>.<\/p>\n<p>Weitere <a href=\"http:\/\/www.utrecht.nl\/parkeren\/tarieven\/\" target=\"_blank\" rel=\"noopener\">Tarife f\u00fcr das Parken<\/a> im Stadtzentrum finden Sie auf der Website der <a href=\"http:\/\/www.utrecht.nl\/parkeren\/tarieven\/\" target=\"_blank\" rel=\"noopener\">Stadtverwaltung Utrecht<\/a>. Wenn Sie mit dem Auto oder \u00f6ffentlichen Verkehrsmitteln nach Utrecht kommen, raten wir Ihnen, rechtzeitig loszufahren. <\/p>\n<p>[\/et_pb_text][\/et_pb_column][\/et_pb_row][\/et_pb_section]<\/p>\n","protected":false},"excerpt":{"rendered":"<p>Der Segelanleger befindet sich an der Oudegracht (Tolsteegzijde) vor der Hausnummer 175 am Kai. Die Gaardbrug befindet sich nur einen Steinwurf vom Domturm entfernt am Ende des Linienmarktes, mitten im Herzen der mittelalterlichen Stadt und des Museumsviertels. Gegen\u00fcber von Dille &amp; Kamille gehen Sie die wei\u00dfe Treppe hinunter. An der Anlegestelle verf\u00fcgen wir \u00fcber einen [&hellip;]<\/p>\n","protected":false},"author":1,"featured_media":0,"parent":0,"menu_order":0,"comment_status":"closed","ping_status":"closed","template":"","meta":{"_et_pb_use_builder":"on","_et_pb_old_content":"","_et_gb_content_width":"","footnotes":""},"class_list":["post-1380030","page","type-page","status-publish","hentry"],"_links":{"self":[{"href":"https:\/\/rondvaartutrecht.nl\/de\/wp-json\/wp\/v2\/pages\/1380030","targetHints":{"allow":["GET"]}}],"collection":[{"href":"https:\/\/rondvaartutrecht.nl\/de\/wp-json\/wp\/v2\/pages"}],"about":[{"href":"https:\/\/rondvaartutrecht.nl\/de\/wp-json\/wp\/v2\/types\/page"}],"author":[{"embeddable":true,"href":"https:\/\/rondvaartutrecht.nl\/de\/wp-json\/wp\/v2\/users\/1"}],"replies":[{"embeddable":true,"href":"https:\/\/rondvaartutrecht.nl\/de\/wp-json\/wp\/v2\/comments?post=1380030"}],"version-history":[{"count":0,"href":"https:\/\/rondvaartutrecht.nl\/de\/wp-json\/wp\/v2\/pages\/1380030\/revisions"}],"wp:attachment":[{"href":"https:\/\/rondvaartutrecht.nl\/de\/wp-json\/wp\/v2\/media?parent=1380030"}],"curies":[{"name":"wp","href":"https:\/\/api.w.org\/{rel}","templated":true}]}}