{"id":1380017,"date":"2015-04-23T11:43:04","date_gmt":"2015-04-23T11:43:04","guid":{"rendered":"https:\/\/rondvaartutrecht.nl\/bootsfahrt-utrecht\/"},"modified":"2025-04-03T15:41:03","modified_gmt":"2025-04-03T15:41:03","slug":"bootsfahrt-utrecht","status":"publish","type":"page","link":"https:\/\/rondvaartutrecht.nl\/de\/bootsfahrt-utrecht\/","title":{"rendered":"Bootsfahrt Utrecht"},"content":{"rendered":"<p>[et_pb_section fb_built=&#8220;1&#8243; admin_label=&#8220;section&#8220; _builder_version=&#8220;4.16&#8243; global_colors_info=&#8220;{}&#8220;][et_pb_row admin_label=&#8220;Zeile&#8220; _builder_version=&#8220;4.16&#8243; background_size=&#8220;initial&#8220; background_position=&#8220;top_left&#8220; background_repeat=&#8220;repeat&#8220; global_colors_info=&#8220;{}&#8220;][et_pb_column type=&#8220;4_4&#8243; _builder_version=&#8220;4.16&#8243; custom_padding=&#8220;|||&#8220; global_colors_info=&#8220;{}&#8220; custom_padding__hover=&#8220;|||&#8220;][et_pb_text admin_label=&#8220;Text&#8220; _builder_version=&#8220;4.16&#8243; background_size=&#8220;initial&#8220; background_position=&#8220;top_left&#8220; background_repeat=&#8220;repeat&#8220; global_colors_info=&#8220;{}&#8220;]Sind Sie auf der Suche nach <strong>einer Bootsfahrt in Utrecht<\/strong>? VareninUtrecht.nl hat f\u00fcr jede Gruppengr\u00f6\u00dfe bis zu 42 Personen ein passendes <a href=\"https:\/\/vareninutrecht.nl\/sloepen\/\" target=\"_blank\" rel=\"noopener\">Boot<\/a>(mit einer maximalen Kapazit\u00e4t von 126 Personen, verteilt auf 4 Boote). Sie k\u00f6nnen unsere Schaluppe inklusive Skipper f\u00fcr mindestens 1,5 Stunden mieten, weitere Informationen finden Sie auf unserer Seite Preise. Sie k\u00f6nnen Ihre eigenen Getr\u00e4nke und Snacks w\u00e4hrend der Fahrt konsumieren. Wir k\u00f6nnen dies auch f\u00fcr Sie arrangieren, siehe unsere <a href=\"https:\/\/vareninutrecht.nl\/catering-tarieven\/\" target=\"_blank\" rel=\"noopener\">Catering-Seite<\/a>.    <\/p>\n<p>Das Boot kann mit bequemen Sitzkissen, Decken, einem Verdeck oder z.B. einem Biertender ausgestattet werden. Sie k\u00f6nnen unser Boot von M\u00e4rz bis Oktober f\u00fcr eine Tour oder Bootsfahrt durch Domstad nutzen. Wir haben verschiedene Arrangements f\u00fcr Bootsfahrten. Viel Spa\u00df beim Mieten eines Bootes w\u00e4hrend Ihres <a href=\"https:\/\/vareninutrecht.nl\/vrijgezellenfeestje\/\" target=\"_blank\" rel=\"noopener\">Junggesellenabschieds<\/a>, <a href=\"https:\/\/vareninutrecht.nl\/familie-en-vriendenuitje\/\" target=\"_blank\" rel=\"noopener\">Geburtstags<\/a>, <a href=\"https:\/\/vareninutrecht.nl\/bedrijfsuitje\/\" target=\"_blank\" rel=\"noopener\">Betriebsausflugs<\/a>, <a href=\"https:\/\/vareninutrecht.nl\/familie-en-vriendenuitje\/\" target=\"_blank\" rel=\"noopener\">Ausflugs mit Freunden<\/a>, <a href=\"https:\/\/vareninutrecht.nl\/familie-en-vriendenuitje\/\" target=\"_blank\" rel=\"noopener\">Familienausflugs<\/a> oder <a href=\"https:\/\/vareninutrecht.nl\/bruiloft-utrecht\/\" target=\"_blank\" rel=\"noopener\">Ihrer Hochzeit<\/a>.   <\/p>\n<p>Wir machen Ihre Bootsfahrt zu einem einzigartigen Erlebnis!<\/p>\n<p><a class=\"button\" href=\"https:\/\/rondvaartutrecht.nl\/sloep-aanvragen\/\">Unverbindliche Anfrage<\/a>[\/et_pb_text][et_pb_portfolio _builder_version=&#8220;4.20.4&#8243; _module_preset=&#8220;default&#8220; include_categories=&#8220;30,14,15&#8243; fullwidth=&#8220;off&#8220; hover_enabled=&#8220;0&#8243; sticky_enabled=&#8220;0&#8243;][\/et_pb_portfolio][\/et_pb_column][\/et_pb_row][\/et_pb_section]<\/p>\n","protected":false},"excerpt":{"rendered":"<p>Sind Sie auf der Suche nach einer Bootsfahrt in Utrecht? VareninUtrecht.nl hat f\u00fcr jede Gruppengr\u00f6\u00dfe bis zu 42 Personen ein passendes Boot(mit einer maximalen Kapazit\u00e4t von 126 Personen, verteilt auf 4 Boote). Sie k\u00f6nnen unsere Schaluppe inklusive Skipper f\u00fcr mindestens 1,5 Stunden mieten, weitere Informationen finden Sie auf unserer Seite Preise. Sie k\u00f6nnen Ihre eigenen [&hellip;]<\/p>\n","protected":false},"author":1,"featured_media":0,"parent":0,"menu_order":8,"comment_status":"open","ping_status":"closed","template":"","meta":{"_et_pb_use_builder":"on","_et_pb_old_content":"","_et_gb_content_width":"","footnotes":""},"class_list":["post-1380017","page","type-page","status-publish","hentry"],"_links":{"self":[{"href":"https:\/\/rondvaartutrecht.nl\/de\/wp-json\/wp\/v2\/pages\/1380017","targetHints":{"allow":["GET"]}}],"collection":[{"href":"https:\/\/rondvaartutrecht.nl\/de\/wp-json\/wp\/v2\/pages"}],"about":[{"href":"https:\/\/rondvaartutrecht.nl\/de\/wp-json\/wp\/v2\/types\/page"}],"author":[{"embeddable":true,"href":"https:\/\/rondvaartutrecht.nl\/de\/wp-json\/wp\/v2\/users\/1"}],"replies":[{"embeddable":true,"href":"https:\/\/rondvaartutrecht.nl\/de\/wp-json\/wp\/v2\/comments?post=1380017"}],"version-history":[{"count":0,"href":"https:\/\/rondvaartutrecht.nl\/de\/wp-json\/wp\/v2\/pages\/1380017\/revisions"}],"wp:attachment":[{"href":"https:\/\/rondvaartutrecht.nl\/de\/wp-json\/wp\/v2\/media?parent=1380017"}],"curies":[{"name":"wp","href":"https:\/\/api.w.org\/{rel}","templated":true}]}}